{"id":6708,"date":"2023-07-01T14:46:14","date_gmt":"2023-07-01T12:46:14","guid":{"rendered":"https:\/\/goldium.lv\/prece\/405-18-izm-5-mm\/"},"modified":"2026-01-30T15:27:59","modified_gmt":"2026-01-30T13:27:59","slug":"balta-zelta-laulibas-gredzens-5mm-modern-comfort-2-4-05gr","status":"publish","type":"product","link":"https:\/\/goldium.lv\/ru\/prece\/balta-zelta-laulibas-gredzens-5mm-modern-comfort-2-4-05gr\/","title":{"rendered":"Balt\u0101 zelta laul\u012bbas gredzens 5mm Modern comfort 2 ~4.05gr"},"content":{"rendered":"","protected":false},"excerpt":{"rendered":"<p>\u041f\u0440\u043e\u0431\u0430 \u0437\u043e\u043b\u043e\u0442\u0430 - 585<\/p>\n<p>\u0426\u0435\u043d\u0430 \u0438 \u0432\u0435\u0441 \u043c\u043e\u0436\u0435\u0442 \u043c\u0435\u043d\u044f\u0442\u044c\u0441\u044f \u0432 \u0437\u0430\u0432\u0438\u0441\u0438\u043c\u043e\u0441\u0442\u0438 \u043e\u0442 \u0440\u0430\u0437\u043c\u0435\u0440\u0430.<\/p>\n<p>\u041e \u043d\u0430\u043b\u0438\u0447\u0438\u0438 \u0443\u0442\u043e\u0447\u043d\u044f\u0439\u0442\u0435 \u043f\u043e: <b>info@goldium.lv<\/b> vai tel. <b>20454949<\/b>, <b>20002122<\/b><\/p>","protected":false},"featured_media":7012,"template":"","meta":{"om_disable_all_campaigns":false,"_uag_custom_page_level_css":"","site-sidebar-layout":"default","site-content-layout":"","ast-site-content-layout":"default","site-content-style":"default","site-sidebar-style":"default","ast-global-header-display":"","ast-banner-title-visibility":"","ast-main-header-display":"","ast-hfb-above-header-display":"","ast-hfb-below-header-display":"","ast-hfb-mobile-header-display":"","site-post-title":"","ast-breadcrumbs-content":"","ast-featured-img":"","footer-sml-layout":"","theme-transparent-header-meta":"default","adv-header-id-meta":"","stick-header-meta":"","header-above-stick-meta":"","header-main-stick-meta":"","header-below-stick-meta":"","astra-migrate-meta-layouts":"set","ast-page-background-enabled":"default","ast-page-background-meta":{"desktop":{"background-color":"","background-image":"","background-repeat":"repeat","background-position":"center center","background-size":"auto","background-attachment":"scroll","background-type":"","background-media":"","overlay-type":"","overlay-color":"","overlay-opacity":"","overlay-gradient":""},"tablet":{"background-color":"","background-image":"","background-repeat":"repeat","background-position":"center center","background-size":"auto","background-attachment":"scroll","background-type":"","background-media":"","overlay-type":"","overlay-color":"","overlay-opacity":"","overlay-gradient":""},"mobile":{"background-color":"","background-image":"","background-repeat":"repeat","background-position":"center center","background-size":"auto","background-attachment":"scroll","background-type":"","background-media":"","overlay-type":"","overlay-color":"","overlay-opacity":"","overlay-gradient":""}},"ast-content-background-meta":{"desktop":{"background-color":"var(--ast-global-color-5)","background-image":"","background-repeat":"repeat","background-position":"center center","background-size":"auto","background-attachment":"scroll","background-type":"","background-media":"","overlay-type":"","overlay-color":"","overlay-opacity":"","overlay-gradient":""},"tablet":{"background-color":"var(--ast-global-color-5)","background-image":"","background-repeat":"repeat","background-position":"center center","background-size":"auto","background-attachment":"scroll","background-type":"","background-media":"","overlay-type":"","overlay-color":"","overlay-opacity":"","overlay-gradient":""},"mobile":{"background-color":"var(--ast-global-color-5)","background-image":"","background-repeat":"repeat","background-position":"center center","background-size":"auto","background-attachment":"scroll","background-type":"","background-media":"","overlay-type":"","overlay-color":"","overlay-opacity":"","overlay-gradient":""}}},"product_brand":[],"product_cat":[36],"product_tag":[322],"class_list":{"0":"post-6708","1":"product","2":"type-product","3":"status-publish","4":"has-post-thumbnail","6":"product_cat-laulibu-gredzeni","7":"product_tag-zelta-gredzeni","8":"pa_akmeni-bez-akmeniem","9":"pa_izmers-15-5","10":"pa_izmers-16-0","11":"pa_izmers-16-5","12":"pa_izmers-17-0","13":"pa_izmers-17-5","14":"pa_izmers-92","15":"pa_izmers-18-5","16":"pa_izmers-19-0","17":"pa_izmers-19-5","18":"pa_izmers-20-0","19":"pa_izmers-20-5","20":"pa_izmers-21-0","21":"pa_izmers-21-5","22":"pa_izmers-22-0","23":"pa_izmers-22-5","24":"pa_zelta-krasa-baltais-zelts","25":"desktop-align-left","26":"tablet-align-left","27":"mobile-align-left","29":"first","30":"instock","31":"sale","32":"taxable","33":"shipping-taxable","34":"purchasable","35":"product-type-variable"},"aioseo_notices":[],"uagb_featured_image_src":{"full":["https:\/\/goldium.lv\/wp-content\/uploads\/2023\/07\/img_9762.png",600,600,false],"thumbnail":["https:\/\/goldium.lv\/wp-content\/uploads\/2023\/07\/img_9762-150x150.png",150,150,true],"medium":["https:\/\/goldium.lv\/wp-content\/uploads\/2023\/07\/img_9762-300x300.png",300,300,true],"medium_large":["https:\/\/goldium.lv\/wp-content\/uploads\/2023\/07\/img_9762.png",600,600,false],"large":["https:\/\/goldium.lv\/wp-content\/uploads\/2023\/07\/img_9762.png",600,600,false],"1536x1536":["https:\/\/goldium.lv\/wp-content\/uploads\/2023\/07\/img_9762.png",600,600,false],"2048x2048":["https:\/\/goldium.lv\/wp-content\/uploads\/2023\/07\/img_9762.png",600,600,false],"trp-custom-language-flag":["https:\/\/goldium.lv\/wp-content\/uploads\/2023\/07\/img_9762-12x12.png",12,12,true],"woocommerce_thumbnail":["https:\/\/goldium.lv\/wp-content\/uploads\/2023\/07\/img_9762-300x300.png",300,300,true],"woocommerce_single":["https:\/\/goldium.lv\/wp-content\/uploads\/2023\/07\/img_9762.png",600,600,false],"woocommerce_gallery_thumbnail":["https:\/\/goldium.lv\/wp-content\/uploads\/2023\/07\/img_9762-100x100.png",100,100,true],"dgwt-wcas-product-suggestion":["https:\/\/goldium.lv\/wp-content\/uploads\/2023\/07\/img_9762-64x64.png",64,64,true]},"uagb_author_info":{"display_name":"Antons Rjabovs","author_link":"https:\/\/goldium.lv\/ru\/author\/"},"uagb_comment_info":0,"uagb_excerpt":"Zelta prove - 585 Cena un svars var main\u012bties atkar\u012bb\u0101 no izm\u0113ra. Par preces pieejam\u012bbu preciz\u0113jiet pa e-pastu: info@goldium.lv vai tel. 20454949, 20002122","_links":{"self":[{"href":"https:\/\/goldium.lv\/ru\/wp-json\/wp\/v2\/product\/6708","targetHints":{"allow":["GET"]}}],"collection":[{"href":"https:\/\/goldium.lv\/ru\/wp-json\/wp\/v2\/product"}],"about":[{"href":"https:\/\/goldium.lv\/ru\/wp-json\/wp\/v2\/types\/product"}],"wp:featuredmedia":[{"embeddable":true,"href":"https:\/\/goldium.lv\/ru\/wp-json\/wp\/v2\/media\/7012"}],"wp:attachment":[{"href":"https:\/\/goldium.lv\/ru\/wp-json\/wp\/v2\/media?parent=6708"}],"wp:term":[{"taxonomy":"product_brand","embeddable":true,"href":"https:\/\/goldium.lv\/ru\/wp-json\/wp\/v2\/product_brand?post=6708"},{"taxonomy":"product_cat","embeddable":true,"href":"https:\/\/goldium.lv\/ru\/wp-json\/wp\/v2\/product_cat?post=6708"},{"taxonomy":"product_tag","embeddable":true,"href":"https:\/\/goldium.lv\/ru\/wp-json\/wp\/v2\/product_tag?post=6708"}],"curies":[{"name":"wp","href":"https:\/\/api.w.org\/{rel}","templated":true}]}}