{"id":5082,"date":"2023-05-26T16:44:12","date_gmt":"2023-05-26T14:44:12","guid":{"rendered":"https:\/\/goldium.lv\/prece\/1076-gr-190-sm\/"},"modified":"2026-01-29T12:53:39","modified_gmt":"2026-01-29T10:53:39","slug":"zelta-aproce-10-76gr","status":"publish","type":"product","link":"https:\/\/goldium.lv\/ru\/prece\/zelta-aproce-10-76gr\/","title":{"rendered":"Zelta aproce 10.76gr (19cm)"},"content":{"rendered":"","protected":false},"excerpt":{"rendered":"<p>Garums \u2013 19.0cm<br \/>\n\u041f\u0440\u043e\u0431\u0430 \u0437\u043e\u043b\u043e\u0442\u0430 - 585<\/p>\n<p>16.5cm garums &#8211; <a href=\"https:\/\/goldium.lv\/ru\/prece\/zelta-aproce-9-16gr\/\">https:\/\/goldium.lv\/prece\/zelta-aproce-9-16gr\/<\/a><\/p>\n<p>18cm garums &#8211; <a href=\"https:\/\/goldium.lv\/ru\/prece\/1011-18\/\">https:\/\/goldium.lv\/prece\/1011-18\/<\/a><\/p>\n<h6 class=\"LC20lb MBeuO DKV0Md\">\u0427\u0442\u043e \u0431\u044b \u043f\u043e\u0441\u043c\u043e\u0442\u0440\u0435\u0442\u044c \u0431\u0440\u0430\u0441\u043b\u0435\u0442\u044b \u0432 \u043d\u0430\u0448\u0435\u043c \u043c\u0430\u0433\u0430\u0437\u0438\u043d\u0435 GOLDIUM (\u0122ertr\u016bdes iela 55) - \u0441\u0432\u044f\u0436\u0438\u0442\u0435\u0441\u044c \u0441 \u043d\u0430\u043c\u0438<\/h6>\n<h6 class=\"LC20lb MBeuO DKV0Md\">\u043f\u043e \u0442\u0435\u043b. +371 20464640 \u0438\u043b\u0438 info@goldium.lv<\/h6>\n<h3 class=\"LC20lb MBeuO DKV0Md\"><\/h3>\n<p>&nbsp;<\/p>","protected":false},"featured_media":5080,"template":"","meta":{"om_disable_all_campaigns":false,"_uag_custom_page_level_css":"","site-sidebar-layout":"default","site-content-layout":"","ast-site-content-layout":"default","site-content-style":"default","site-sidebar-style":"default","ast-global-header-display":"","ast-banner-title-visibility":"","ast-main-header-display":"","ast-hfb-above-header-display":"","ast-hfb-below-header-display":"","ast-hfb-mobile-header-display":"","site-post-title":"","ast-breadcrumbs-content":"","ast-featured-img":"","footer-sml-layout":"","theme-transparent-header-meta":"default","adv-header-id-meta":"","stick-header-meta":"","header-above-stick-meta":"","header-main-stick-meta":"","header-below-stick-meta":"","astra-migrate-meta-layouts":"set","ast-page-background-enabled":"default","ast-page-background-meta":{"desktop":{"background-color":"","background-image":"","background-repeat":"repeat","background-position":"center center","background-size":"auto","background-attachment":"scroll","background-type":"","background-media":"","overlay-type":"","overlay-color":"","overlay-opacity":"","overlay-gradient":""},"tablet":{"background-color":"","background-image":"","background-repeat":"repeat","background-position":"center center","background-size":"auto","background-attachment":"scroll","background-type":"","background-media":"","overlay-type":"","overlay-color":"","overlay-opacity":"","overlay-gradient":""},"mobile":{"background-color":"","background-image":"","background-repeat":"repeat","background-position":"center center","background-size":"auto","background-attachment":"scroll","background-type":"","background-media":"","overlay-type":"","overlay-color":"","overlay-opacity":"","overlay-gradient":""}},"ast-content-background-meta":{"desktop":{"background-color":"var(--ast-global-color-5)","background-image":"","background-repeat":"repeat","background-position":"center center","background-size":"auto","background-attachment":"scroll","background-type":"","background-media":"","overlay-type":"","overlay-color":"","overlay-opacity":"","overlay-gradient":""},"tablet":{"background-color":"var(--ast-global-color-5)","background-image":"","background-repeat":"repeat","background-position":"center center","background-size":"auto","background-attachment":"scroll","background-type":"","background-media":"","overlay-type":"","overlay-color":"","overlay-opacity":"","overlay-gradient":""},"mobile":{"background-color":"var(--ast-global-color-5)","background-image":"","background-repeat":"repeat","background-position":"center center","background-size":"auto","background-attachment":"scroll","background-type":"","background-media":"","overlay-type":"","overlay-color":"","overlay-opacity":"","overlay-gradient":""}}},"product_brand":[],"product_cat":[318,82,83,97],"product_tag":[331],"class_list":{"0":"post-5082","1":"product","2":"type-product","3":"status-publish","4":"has-post-thumbnail","6":"product_cat-aproces-visiem","7":"product_cat-sieviesu-aproces","8":"product_cat-viriesu-aproces","9":"product_cat-aproces","10":"product_tag-zelta-aproces","11":"pa_garums-19cm","12":"pa_zelta-krasa-sarkanais-kombinets-zelts","13":"desktop-align-left","14":"tablet-align-left","15":"mobile-align-left","17":"first","18":"outofstock","19":"sale","20":"taxable","21":"shipping-taxable","22":"purchasable","23":"product-type-simple"},"aioseo_notices":[],"uagb_featured_image_src":{"full":["https:\/\/goldium.lv\/wp-content\/uploads\/2023\/05\/img_8674-2.jpeg",1080,1080,false],"thumbnail":["https:\/\/goldium.lv\/wp-content\/uploads\/2023\/05\/img_8674-2-150x150.jpeg",150,150,true],"medium":["https:\/\/goldium.lv\/wp-content\/uploads\/2023\/05\/img_8674-2-300x300.jpeg",300,300,true],"medium_large":["https:\/\/goldium.lv\/wp-content\/uploads\/2023\/05\/img_8674-2-768x768.jpeg",768,768,true],"large":["https:\/\/goldium.lv\/wp-content\/uploads\/2023\/05\/img_8674-2-1024x1024.jpeg",1024,1024,true],"1536x1536":["https:\/\/goldium.lv\/wp-content\/uploads\/2023\/05\/img_8674-2.jpeg",1080,1080,false],"2048x2048":["https:\/\/goldium.lv\/wp-content\/uploads\/2023\/05\/img_8674-2.jpeg",1080,1080,false],"trp-custom-language-flag":["https:\/\/goldium.lv\/wp-content\/uploads\/2023\/05\/img_8674-2-12x12.jpeg",12,12,true],"woocommerce_thumbnail":["https:\/\/goldium.lv\/wp-content\/uploads\/2023\/05\/img_8674-2-300x300.jpeg",300,300,true],"woocommerce_single":["https:\/\/goldium.lv\/wp-content\/uploads\/2023\/05\/img_8674-2-600x600.jpeg",600,600,true],"woocommerce_gallery_thumbnail":["https:\/\/goldium.lv\/wp-content\/uploads\/2023\/05\/img_8674-2-100x100.jpeg",100,100,true],"dgwt-wcas-product-suggestion":["https:\/\/goldium.lv\/wp-content\/uploads\/2023\/05\/img_8674-2-64x64.jpeg",64,64,true]},"uagb_author_info":{"display_name":"Antons Rjabovs","author_link":"https:\/\/goldium.lv\/ru\/author\/"},"uagb_comment_info":0,"uagb_excerpt":"Garums \u2013 19.0cm Zelta prove \u2013 585 16.5cm garums - https:\/\/goldium.lv\/prece\/zelta-aproce-9-16gr\/ 18cm garums - https:\/\/goldium.lv\/prece\/1011-18\/ Lai apskat\u012bt aproces m\u016bsu veikal\u0101 GOLDIUM (\u0122ertr\u016bdes iela 55) - sazin\u0101ties ar mums pa t\u0101lr. +371 20464640 vai info@goldium.lv &nbsp;","_links":{"self":[{"href":"https:\/\/goldium.lv\/ru\/wp-json\/wp\/v2\/product\/5082","targetHints":{"allow":["GET"]}}],"collection":[{"href":"https:\/\/goldium.lv\/ru\/wp-json\/wp\/v2\/product"}],"about":[{"href":"https:\/\/goldium.lv\/ru\/wp-json\/wp\/v2\/types\/product"}],"wp:featuredmedia":[{"embeddable":true,"href":"https:\/\/goldium.lv\/ru\/wp-json\/wp\/v2\/media\/5080"}],"wp:attachment":[{"href":"https:\/\/goldium.lv\/ru\/wp-json\/wp\/v2\/media?parent=5082"}],"wp:term":[{"taxonomy":"product_brand","embeddable":true,"href":"https:\/\/goldium.lv\/ru\/wp-json\/wp\/v2\/product_brand?post=5082"},{"taxonomy":"product_cat","embeddable":true,"href":"https:\/\/goldium.lv\/ru\/wp-json\/wp\/v2\/product_cat?post=5082"},{"taxonomy":"product_tag","embeddable":true,"href":"https:\/\/goldium.lv\/ru\/wp-json\/wp\/v2\/product_tag?post=5082"}],"curies":[{"name":"wp","href":"https:\/\/api.w.org\/{rel}","templated":true}]}}