{"id":20907,"date":"2025-12-18T12:34:08","date_gmt":"2025-12-18T10:34:08","guid":{"rendered":"https:\/\/goldium.lv\/prece\/produkts-21\/"},"modified":"2026-03-31T14:05:23","modified_gmt":"2026-03-31T12:05:23","slug":"davanu-karte","status":"publish","type":"product","link":"https:\/\/goldium.lv\/ru\/prece\/davanu-karte\/","title":{"rendered":"\u041f\u043e\u0434\u0430\u0440\u043e\u0447\u043d\u0430\u044f \u043a\u0430\u0440\u0442\u0430"},"content":{"rendered":"<p class=\"translation-block\">\u0424\u0438\u0437\u0438\u0447\u0435\u0441\u043a\u0443\u044e \u043f\u043e\u0434\u0430\u0440\u043e\u0447\u043d\u0443\u044e \u043a\u0430\u0440\u0442\u0443 \u043c\u043e\u0436\u043d\u043e \u043f\u043e\u043b\u0443\u0447\u0438\u0442\u044c \u0432 \u043c\u0430\u0433\u0430\u0437\u0438\u043d\u0435 \u0438\u043b\u0438 \u0441 \u0434\u043e\u0441\u0442\u0430\u0432\u043a\u043e\u0439 Omniva (\u043f\u0430\u043a\u043e\u043c\u0430\u0442 \u0438\u043b\u0438 \u043a\u0443\u0440\u044c\u0435\u0440).\n\u0424\u0438\u0437\u0438\u0447\u0435\u0441\u043a\u0443\u044e \u043a\u0430\u0440\u0442\u0443 \u043c\u043e\u0436\u043d\u043e \u0438\u0441\u043f\u043e\u043b\u044c\u0437\u043e\u0432\u0430\u0442\u044c \u0432 \u043d\u0430\u0448\u0438\u0445 \u043c\u0430\u0433\u0430\u0437\u0438\u043d\u0430\u0445 \u043f\u0440\u0438 \u043b\u0438\u0447\u043d\u043e\u043c \u043f\u043e\u0441\u0435\u0449\u0435\u043d\u0438\u0438, \u0430 \u0442\u0430\u043a\u0436\u0435 \u0432 \u0438\u043d\u0442\u0435\u0440\u043d\u0435\u0442-\u043c\u0430\u0433\u0430\u0437\u0438\u043d\u0435 goldium.lv \u043f\u0440\u0438 \u043e\u043f\u043b\u0430\u0442\u0435 \u0437\u0430\u043a\u0430\u0437\u0430, \u0432\u0432\u0435\u0434\u044f \u041a\u041e\u0414 \u0441 \u043a\u0430\u0440\u0442\u044b.<\/p>\n<p class=\"translation-block\">\u0412\u0438\u0440\u0442\u0443\u0430\u043b\u044c\u043d\u0443\u044e \u043f\u043e\u0434\u0430\u0440\u043e\u0447\u043d\u0443\u044e \u043a\u0430\u0440\u0442\u0443 \u043c\u043e\u0436\u043d\u043e \u0438\u0441\u043f\u043e\u043b\u044c\u0437\u043e\u0432\u0430\u0442\u044c \u0432 \u0438\u043d\u0442\u0435\u0440\u043d\u0435\u0442-\u043c\u0430\u0433\u0430\u0437\u0438\u043d\u0435 goldium.lv \u043f\u0440\u0438 \u043e\u0444\u043e\u0440\u043c\u043b\u0435\u043d\u0438\u0438 \u0437\u0430\u043a\u0430\u0437\u0430, \u0432\u0432\u0435\u0434\u044f \u041a\u041e\u0414 \u0441 \u043a\u0430\u0440\u0442\u044b \u043d\u0430 \u044d\u0442\u0430\u043f\u0435 \u043e\u043f\u043b\u0430\u0442\u044b, \u0430 \u0442\u0430\u043a\u0436\u0435 \u043f\u0440\u0435\u0434\u044a\u044f\u0432\u0438\u0432 \u0435\u0435 \u0432 \u043d\u0430\u0448\u0438\u0445 \u043c\u0430\u0433\u0430\u0437\u0438\u043d\u0430\u0445 \u043f\u0440\u0438 \u043b\u0438\u0447\u043d\u043e\u043c \u043f\u043e\u0441\u0435\u0449\u0435\u043d\u0438\u0438 \u0432 \u0414\u0430\u0443\u0433\u0430\u0432\u043f\u0438\u043b\u0441\u0435 \u0438\u043b\u0438 \u0420\u0438\u0433\u0435.<\/p>\n<p>\u0415\u0441\u043b\u0438 \u0441\u0443\u043c\u043c\u0430 \u043f\u043e\u043a\u0443\u043f\u043a\u0438 \u043f\u0440\u0435\u0432\u044b\u0448\u0430\u0435\u0442 \u043d\u043e\u043c\u0438\u043d\u0430\u043b \u043f\u043e\u0434\u0430\u0440\u043e\u0447\u043d\u043e\u0439 \u043a\u0430\u0440\u0442\u044b, \u043d\u0435\u0434\u043e\u0441\u0442\u0430\u044e\u0449\u0443\u044e \u0441\u0443\u043c\u043c\u0443 \u043c\u043e\u0436\u043d\u043e \u0434\u043e\u043f\u043b\u0430\u0442\u0438\u0442\u044c. \u0415\u0441\u043b\u0438 \u0441\u0443\u043c\u043c\u0430 \u043f\u043e\u043a\u0443\u043f\u043a\u0438 \u043c\u0435\u043d\u044c\u0448\u0435 \u043d\u043e\u043c\u0438\u043d\u0430\u043b\u0430 \u043f\u043e\u0434\u0430\u0440\u043e\u0447\u043d\u043e\u0439 \u043a\u0430\u0440\u0442\u044b, \u043c\u044b \u0432\u0435\u0440\u043d\u0435\u043c \u043e\u0441\u0442\u0430\u0442\u043e\u043a, \u043d\u043e \u043d\u0435 \u0431\u043e\u043b\u0435\u0435 20% \u043e\u0442 \u043e\u0431\u0449\u0435\u0439 \u0441\u0443\u043c\u043c\u044b \u043a\u0430\u0440\u0442\u044b.<\/p>\n<p>\u041c\u0438\u043d\u0438\u043c\u0430\u043b\u044c\u043d\u0430\u044f \u0441\u0442\u043e\u0438\u043c\u043e\u0441\u0442\u044c \u043f\u043e\u0434\u0430\u0440\u043e\u0447\u043d\u043e\u0439 \u043a\u0430\u0440\u0442\u044b - 50 EURO.<\/p>\n<p class=\"translation-block\">\u041f\u043e\u0434\u0430\u0440\u043e\u0447\u043d\u044b\u0435 \u043a\u0430\u0440\u0442\u044b \u0434\u0435\u0439\u0441\u0442\u0432\u0438\u0442\u0435\u043b\u044c\u043d\u044b 1 \u0433\u043e\u0434 \u0441 \u043c\u043e\u043c\u0435\u043d\u0442\u0430 \u043f\u043e\u043a\u0443\u043f\u043a\u0438.<\/p>\n<p class=\"translation-block\">\u041f\u043e\u0434\u0430\u0440\u043e\u0447\u043d\u0443\u044e \u043a\u0430\u0440\u0442\u0443 \u043c\u043e\u0436\u043d\u043e \u0438\u0441\u043f\u043e\u043b\u044c\u0437\u043e\u0432\u0430\u0442\u044c \u0447\u0430\u0441\u0442\u044f\u043c\u0438, \u043e\u0441\u0442\u0430\u0432\u043b\u044f\u044f \u043e\u0441\u0442\u0430\u0442\u043e\u043a \u043d\u0430 \u0441\u043b\u0435\u0434\u0443\u044e\u0449\u0443\u044e \u043f\u043e\u043a\u0443\u043f\u043a\u0443.<\/p>","protected":false},"excerpt":{"rendered":"<p>Fizisku d\u0101vanu karti var sa\u0146emt veikal\u0101 vai ar Omnivas pieg\u0101di (pakom\u0101tu vai kurjeru). Fizisko karti iesp\u0113jams izmantot m\u016bsu veikalos kl\u0101tien\u0113, k\u0101 ar\u012b goldium.lv interneta veikal\u0101, pas\u016bt\u012bjuma apmaksas br\u012bd\u012b &#8211; ievadot KODU no kartes. Virtu\u0101lo d\u0101vanu karti iesp\u0113jams izmantot goldium.lv interneta veikal\u0101, pas\u016bt\u012bjum\u0101 apmaksas br\u012bd\u012b &#8211; ievadot KODU no kartes, k\u0101 ar\u012b uzr\u0101dot to m\u016bsu veikalos [&hellip;]<\/p>","protected":false},"featured_media":20906,"template":"","meta":{"om_disable_all_campaigns":false,"_uag_custom_page_level_css":"","site-sidebar-layout":"default","site-content-layout":"","ast-site-content-layout":"default","site-content-style":"default","site-sidebar-style":"default","ast-global-header-display":"","ast-banner-title-visibility":"","ast-main-header-display":"","ast-hfb-above-header-display":"","ast-hfb-below-header-display":"","ast-hfb-mobile-header-display":"","site-post-title":"","ast-breadcrumbs-content":"","ast-featured-img":"","footer-sml-layout":"","theme-transparent-header-meta":"default","adv-header-id-meta":"","stick-header-meta":"","header-above-stick-meta":"","header-main-stick-meta":"","header-below-stick-meta":"","astra-migrate-meta-layouts":"set","ast-page-background-enabled":"default","ast-page-background-meta":{"desktop":{"background-color":"","background-image":"","background-repeat":"repeat","background-position":"center center","background-size":"auto","background-attachment":"scroll","background-type":"","background-media":"","overlay-type":"","overlay-color":"","overlay-opacity":"","overlay-gradient":""},"tablet":{"background-color":"","background-image":"","background-repeat":"repeat","background-position":"center center","background-size":"auto","background-attachment":"scroll","background-type":"","background-media":"","overlay-type":"","overlay-color":"","overlay-opacity":"","overlay-gradient":""},"mobile":{"background-color":"","background-image":"","background-repeat":"repeat","background-position":"center center","background-size":"auto","background-attachment":"scroll","background-type":"","background-media":"","overlay-type":"","overlay-color":"","overlay-opacity":"","overlay-gradient":""}},"ast-content-background-meta":{"desktop":{"background-color":"var(--ast-global-color-5)","background-image":"","background-repeat":"repeat","background-position":"center center","background-size":"auto","background-attachment":"scroll","background-type":"","background-media":"","overlay-type":"","overlay-color":"","overlay-opacity":"","overlay-gradient":""},"tablet":{"background-color":"var(--ast-global-color-5)","background-image":"","background-repeat":"repeat","background-position":"center center","background-size":"auto","background-attachment":"scroll","background-type":"","background-media":"","overlay-type":"","overlay-color":"","overlay-opacity":"","overlay-gradient":""},"mobile":{"background-color":"var(--ast-global-color-5)","background-image":"","background-repeat":"repeat","background-position":"center center","background-size":"auto","background-attachment":"scroll","background-type":"","background-media":"","overlay-type":"","overlay-color":"","overlay-opacity":"","overlay-gradient":""}}},"product_brand":[],"product_cat":[86],"product_tag":[],"class_list":{"0":"post-20907","1":"product","2":"type-product","3":"status-publish","4":"has-post-thumbnail","6":"product_cat-citi","7":"desktop-align-left","8":"tablet-align-left","9":"mobile-align-left","11":"first","12":"instock","13":"taxable","14":"shipping-taxable","15":"purchasable","16":"product-type-variable"},"aioseo_notices":[],"uagb_featured_image_src":{"full":["https:\/\/goldium.lv\/wp-content\/uploads\/2025\/12\/photoroom_20251218_123014-1-e1775122078696.jpeg",2400,1320,false],"thumbnail":["https:\/\/goldium.lv\/wp-content\/uploads\/2025\/12\/photoroom_20251218_123014-1-e1775122078696-150x150.jpeg",150,150,true],"medium":["https:\/\/goldium.lv\/wp-content\/uploads\/2025\/12\/photoroom_20251218_123014-1-e1775122078696-300x165.jpeg",300,165,true],"medium_large":["https:\/\/goldium.lv\/wp-content\/uploads\/2025\/12\/photoroom_20251218_123014-1-e1775122078696-768x422.jpeg",768,422,true],"large":["https:\/\/goldium.lv\/wp-content\/uploads\/2025\/12\/photoroom_20251218_123014-1-e1775122078696-1024x563.jpeg",1024,563,true],"1536x1536":["https:\/\/goldium.lv\/wp-content\/uploads\/2025\/12\/photoroom_20251218_123014-1-e1775122078696-1536x845.jpeg",1536,845,true],"2048x2048":["https:\/\/goldium.lv\/wp-content\/uploads\/2025\/12\/photoroom_20251218_123014-1-e1775122078696-2048x1126.jpeg",2048,1126,true],"trp-custom-language-flag":["https:\/\/goldium.lv\/wp-content\/uploads\/2025\/12\/photoroom_20251218_123014-1-e1775122078696-18x10.jpeg",18,10,true],"woocommerce_thumbnail":["https:\/\/goldium.lv\/wp-content\/uploads\/2025\/12\/photoroom_20251218_123014-1-e1775122078696-300x300.jpeg",300,300,true],"woocommerce_single":["https:\/\/goldium.lv\/wp-content\/uploads\/2025\/12\/photoroom_20251218_123014-1-e1775122078696-600x330.jpeg",600,330,true],"woocommerce_gallery_thumbnail":["https:\/\/goldium.lv\/wp-content\/uploads\/2025\/12\/photoroom_20251218_123014-1-e1775122078696-100x100.jpeg",100,100,true],"dgwt-wcas-product-suggestion":["https:\/\/goldium.lv\/wp-content\/uploads\/2025\/12\/photoroom_20251218_123014-1-e1775122078696-64x35.jpeg",64,35,true]},"uagb_author_info":{"display_name":"Antons Rjabovs","author_link":"https:\/\/goldium.lv\/ru\/author\/"},"uagb_comment_info":0,"uagb_excerpt":"Fizisku d\u0101vanu karti var sa\u0146emt veikal\u0101 vai ar Omnivas pieg\u0101di (pakom\u0101tu vai kurjeru). Fizisko karti iesp\u0113jams izmantot m\u016bsu veikalos kl\u0101tien\u0113, k\u0101 ar\u012b goldium.lv interneta veikal\u0101, pas\u016bt\u012bjuma apmaksas br\u012bd\u012b &#8211; ievadot KODU no kartes. Virtu\u0101lo d\u0101vanu karti iesp\u0113jams izmantot goldium.lv interneta veikal\u0101, pas\u016bt\u012bjum\u0101 apmaksas br\u012bd\u012b &#8211; ievadot KODU no kartes, k\u0101 ar\u012b uzr\u0101dot to m\u016bsu veikalos&hellip;","_links":{"self":[{"href":"https:\/\/goldium.lv\/ru\/wp-json\/wp\/v2\/product\/20907","targetHints":{"allow":["GET"]}}],"collection":[{"href":"https:\/\/goldium.lv\/ru\/wp-json\/wp\/v2\/product"}],"about":[{"href":"https:\/\/goldium.lv\/ru\/wp-json\/wp\/v2\/types\/product"}],"wp:featuredmedia":[{"embeddable":true,"href":"https:\/\/goldium.lv\/ru\/wp-json\/wp\/v2\/media\/20906"}],"wp:attachment":[{"href":"https:\/\/goldium.lv\/ru\/wp-json\/wp\/v2\/media?parent=20907"}],"wp:term":[{"taxonomy":"product_brand","embeddable":true,"href":"https:\/\/goldium.lv\/ru\/wp-json\/wp\/v2\/product_brand?post=20907"},{"taxonomy":"product_cat","embeddable":true,"href":"https:\/\/goldium.lv\/ru\/wp-json\/wp\/v2\/product_cat?post=20907"},{"taxonomy":"product_tag","embeddable":true,"href":"https:\/\/goldium.lv\/ru\/wp-json\/wp\/v2\/product_tag?post=20907"}],"curies":[{"name":"wp","href":"https:\/\/api.w.org\/{rel}","templated":true}]}}