{"id":18315,"date":"2025-06-19T09:57:37","date_gmt":"2025-06-19T07:57:37","guid":{"rendered":"https:\/\/goldium.lv\/prece\/2-3540-2-6645-2-8550-3-1955\/"},"modified":"2026-04-08T13:01:20","modified_gmt":"2026-04-08T11:01:20","slug":"zelta-kedite-2-35-3-19gr","status":"publish","type":"product","link":"https:\/\/goldium.lv\/ru\/prece\/zelta-kedite-2-35-3-19gr\/","title":{"rendered":"Zelta \u0137\u0113d\u012bte 2.35 &#8211; 3.19gr"},"content":{"rendered":"","protected":false},"excerpt":{"rendered":"<p>\u041f\u0440\u043e\u0431\u0430 \u0437\u043e\u043b\u043e\u0442\u0430 - 585<\/p>","protected":false},"featured_media":18314,"template":"","meta":{"om_disable_all_campaigns":false,"_uag_custom_page_level_css":"","site-sidebar-layout":"default","site-content-layout":"","ast-site-content-layout":"default","site-content-style":"default","site-sidebar-style":"default","ast-global-header-display":"","ast-banner-title-visibility":"","ast-main-header-display":"","ast-hfb-above-header-display":"","ast-hfb-below-header-display":"","ast-hfb-mobile-header-display":"","site-post-title":"","ast-breadcrumbs-content":"","ast-featured-img":"","footer-sml-layout":"","theme-transparent-header-meta":"default","adv-header-id-meta":"","stick-header-meta":"","header-above-stick-meta":"","header-main-stick-meta":"","header-below-stick-meta":"","astra-migrate-meta-layouts":"set","ast-page-background-enabled":"default","ast-page-background-meta":{"desktop":{"background-color":"","background-image":"","background-repeat":"repeat","background-position":"center center","background-size":"auto","background-attachment":"scroll","background-type":"","background-media":"","overlay-type":"","overlay-color":"","overlay-opacity":"","overlay-gradient":""},"tablet":{"background-color":"","background-image":"","background-repeat":"repeat","background-position":"center center","background-size":"auto","background-attachment":"scroll","background-type":"","background-media":"","overlay-type":"","overlay-color":"","overlay-opacity":"","overlay-gradient":""},"mobile":{"background-color":"","background-image":"","background-repeat":"repeat","background-position":"center center","background-size":"auto","background-attachment":"scroll","background-type":"","background-media":"","overlay-type":"","overlay-color":"","overlay-opacity":"","overlay-gradient":""}},"ast-content-background-meta":{"desktop":{"background-color":"var(--ast-global-color-5)","background-image":"","background-repeat":"repeat","background-position":"center center","background-size":"auto","background-attachment":"scroll","background-type":"","background-media":"","overlay-type":"","overlay-color":"","overlay-opacity":"","overlay-gradient":""},"tablet":{"background-color":"var(--ast-global-color-5)","background-image":"","background-repeat":"repeat","background-position":"center center","background-size":"auto","background-attachment":"scroll","background-type":"","background-media":"","overlay-type":"","overlay-color":"","overlay-opacity":"","overlay-gradient":""},"mobile":{"background-color":"var(--ast-global-color-5)","background-image":"","background-repeat":"repeat","background-position":"center center","background-size":"auto","background-attachment":"scroll","background-type":"","background-media":"","overlay-type":"","overlay-color":"","overlay-opacity":"","overlay-gradient":""}}},"product_brand":[],"product_cat":[319,77,78,79],"product_tag":[330],"class_list":{"0":"post-18315","1":"product","2":"type-product","3":"status-publish","4":"has-post-thumbnail","6":"product_cat-kedites-visiem","7":"product_cat-sieviesu-kedites","8":"product_cat-viriesu-kedites","9":"product_cat-kedites-berniem","10":"product_tag-zelta-kedites","11":"pa_garums-40cm","12":"pa_garums-45cm","13":"pa_garums-50cm","14":"pa_garums-55cm","15":"pa_zelta-krasa-sarkanais-kombinets-zelts","16":"desktop-align-left","17":"tablet-align-left","18":"mobile-align-left","20":"first","21":"instock","22":"sale","23":"taxable","24":"shipping-taxable","25":"purchasable","26":"product-type-variable"},"aioseo_notices":[],"uagb_featured_image_src":{"full":["https:\/\/goldium.lv\/wp-content\/uploads\/2025\/06\/un-0497_3ldfcceyx3_2025-06-19-10-28-20.jpeg",1819,1819,false],"thumbnail":["https:\/\/goldium.lv\/wp-content\/uploads\/2025\/06\/un-0497_3ldfcceyx3_2025-06-19-10-28-20-150x150.jpeg",150,150,true],"medium":["https:\/\/goldium.lv\/wp-content\/uploads\/2025\/06\/un-0497_3ldfcceyx3_2025-06-19-10-28-20-300x300.jpeg",300,300,true],"medium_large":["https:\/\/goldium.lv\/wp-content\/uploads\/2025\/06\/un-0497_3ldfcceyx3_2025-06-19-10-28-20-768x768.jpeg",768,768,true],"large":["https:\/\/goldium.lv\/wp-content\/uploads\/2025\/06\/un-0497_3ldfcceyx3_2025-06-19-10-28-20-1024x1024.jpeg",1024,1024,true],"1536x1536":["https:\/\/goldium.lv\/wp-content\/uploads\/2025\/06\/un-0497_3ldfcceyx3_2025-06-19-10-28-20-1536x1536.jpeg",1536,1536,true],"2048x2048":["https:\/\/goldium.lv\/wp-content\/uploads\/2025\/06\/un-0497_3ldfcceyx3_2025-06-19-10-28-20.jpeg",1819,1819,false],"trp-custom-language-flag":["https:\/\/goldium.lv\/wp-content\/uploads\/2025\/06\/un-0497_3ldfcceyx3_2025-06-19-10-28-20-12x12.jpeg",12,12,true],"woocommerce_thumbnail":["https:\/\/goldium.lv\/wp-content\/uploads\/2025\/06\/un-0497_3ldfcceyx3_2025-06-19-10-28-20-300x300.jpeg",300,300,true],"woocommerce_single":["https:\/\/goldium.lv\/wp-content\/uploads\/2025\/06\/un-0497_3ldfcceyx3_2025-06-19-10-28-20-600x600.jpeg",600,600,true],"woocommerce_gallery_thumbnail":["https:\/\/goldium.lv\/wp-content\/uploads\/2025\/06\/un-0497_3ldfcceyx3_2025-06-19-10-28-20-100x100.jpeg",100,100,true],"dgwt-wcas-product-suggestion":["https:\/\/goldium.lv\/wp-content\/uploads\/2025\/06\/un-0497_3ldfcceyx3_2025-06-19-10-28-20-64x64.jpeg",64,64,true]},"uagb_author_info":{"display_name":"Antons Rjabovs","author_link":"https:\/\/goldium.lv\/ru\/author\/"},"uagb_comment_info":0,"uagb_excerpt":"Zelta prove - 585","_links":{"self":[{"href":"https:\/\/goldium.lv\/ru\/wp-json\/wp\/v2\/product\/18315","targetHints":{"allow":["GET"]}}],"collection":[{"href":"https:\/\/goldium.lv\/ru\/wp-json\/wp\/v2\/product"}],"about":[{"href":"https:\/\/goldium.lv\/ru\/wp-json\/wp\/v2\/types\/product"}],"wp:featuredmedia":[{"embeddable":true,"href":"https:\/\/goldium.lv\/ru\/wp-json\/wp\/v2\/media\/18314"}],"wp:attachment":[{"href":"https:\/\/goldium.lv\/ru\/wp-json\/wp\/v2\/media?parent=18315"}],"wp:term":[{"taxonomy":"product_brand","embeddable":true,"href":"https:\/\/goldium.lv\/ru\/wp-json\/wp\/v2\/product_brand?post=18315"},{"taxonomy":"product_cat","embeddable":true,"href":"https:\/\/goldium.lv\/ru\/wp-json\/wp\/v2\/product_cat?post=18315"},{"taxonomy":"product_tag","embeddable":true,"href":"https:\/\/goldium.lv\/ru\/wp-json\/wp\/v2\/product_tag?post=18315"}],"curies":[{"name":"wp","href":"https:\/\/api.w.org\/{rel}","templated":true}]}}