{"id":1535,"date":"2023-01-09T16:55:09","date_gmt":"2023-01-09T14:55:09","guid":{"rendered":"https:\/\/goldium.lv\/product\/3mm-0-05ct-190e-2-75gr\/"},"modified":"2026-02-02T16:41:46","modified_gmt":"2026-02-02T14:41:46","slug":"zelta-laulibu-gredzens-3mm-comfort-ar-briljantu-0-05ct-2-75gr","status":"publish","type":"product","link":"https:\/\/goldium.lv\/ru\/prece\/zelta-laulibu-gredzens-3mm-comfort-ar-briljantu-0-05ct-2-75gr\/","title":{"rendered":"Zelta laul\u012bbu gredzens 3mm comfort, ar briljantu 0.03ct ~2.75gr"},"content":{"rendered":"","protected":false},"excerpt":{"rendered":"<p>\u041f\u0440\u043e\u0431\u0430 \u0437\u043e\u043b\u043e\u0442\u0430 - 585<br \/>\nBriljants &#8211; I; VS<\/p>\n<p>\u0426\u0435\u043d\u0430 \u0438 \u0432\u0435\u0441 \u043c\u043e\u0436\u0435\u0442 \u043c\u0435\u043d\u044f\u0442\u044c\u0441\u044f \u0432 \u0437\u0430\u0432\u0438\u0441\u0438\u043c\u043e\u0441\u0442\u0438 \u043e\u0442 \u0440\u0430\u0437\u043c\u0435\u0440\u0430.<\/p>\n<p><strong>\u0412\u0441\u0442\u0430\u0432\u0438\u0442\u044c \u0431\u0440\u0438\u043b\u043b\u0438\u0430\u043d\u0442 \u0437\u0430\u0439\u043c\u0435\u0442 \u043d\u0435\u0434\u0435\u043b\u044e \u043f\u043e\u0441\u043b\u0435 \u0437\u0430\u043a\u0430\u0437\u0430.<\/strong><\/p>\n<p>\u041e \u043d\u0430\u043b\u0438\u0447\u0438\u0438 \u0443\u0442\u043e\u0447\u043d\u044f\u0439\u0442\u0435 \u043f\u043e: <b>info@goldium.lv<\/b> vai tel. <b>20464640<\/b>, <b>20002122<\/b><\/p>","protected":false},"featured_media":1742,"template":"","meta":{"om_disable_all_campaigns":false,"_uag_custom_page_level_css":"","site-sidebar-layout":"default","site-content-layout":"","ast-site-content-layout":"default","site-content-style":"default","site-sidebar-style":"default","ast-global-header-display":"","ast-banner-title-visibility":"","ast-main-header-display":"","ast-hfb-above-header-display":"","ast-hfb-below-header-display":"","ast-hfb-mobile-header-display":"","site-post-title":"","ast-breadcrumbs-content":"","ast-featured-img":"","footer-sml-layout":"","theme-transparent-header-meta":"default","adv-header-id-meta":"","stick-header-meta":"","header-above-stick-meta":"","header-main-stick-meta":"","header-below-stick-meta":"","astra-migrate-meta-layouts":"set","ast-page-background-enabled":"default","ast-page-background-meta":{"desktop":{"background-color":"","background-image":"","background-repeat":"repeat","background-position":"center center","background-size":"auto","background-attachment":"scroll","background-type":"","background-media":"","overlay-type":"","overlay-color":"","overlay-opacity":"","overlay-gradient":""},"tablet":{"background-color":"","background-image":"","background-repeat":"repeat","background-position":"center center","background-size":"auto","background-attachment":"scroll","background-type":"","background-media":"","overlay-type":"","overlay-color":"","overlay-opacity":"","overlay-gradient":""},"mobile":{"background-color":"","background-image":"","background-repeat":"repeat","background-position":"center center","background-size":"auto","background-attachment":"scroll","background-type":"","background-media":"","overlay-type":"","overlay-color":"","overlay-opacity":"","overlay-gradient":""}},"ast-content-background-meta":{"desktop":{"background-color":"var(--ast-global-color-5)","background-image":"","background-repeat":"repeat","background-position":"center center","background-size":"auto","background-attachment":"scroll","background-type":"","background-media":"","overlay-type":"","overlay-color":"","overlay-opacity":"","overlay-gradient":""},"tablet":{"background-color":"var(--ast-global-color-5)","background-image":"","background-repeat":"repeat","background-position":"center center","background-size":"auto","background-attachment":"scroll","background-type":"","background-media":"","overlay-type":"","overlay-color":"","overlay-opacity":"","overlay-gradient":""},"mobile":{"background-color":"var(--ast-global-color-5)","background-image":"","background-repeat":"repeat","background-position":"center center","background-size":"auto","background-attachment":"scroll","background-type":"","background-media":"","overlay-type":"","overlay-color":"","overlay-opacity":"","overlay-gradient":""}}},"product_brand":[],"product_cat":[41,36,39],"product_tag":[337,340],"class_list":{"0":"post-1535","1":"product","2":"type-product","3":"status-publish","4":"has-post-thumbnail","6":"product_cat-sieviesu-gredzeni-ar-dargakmeniem","7":"product_cat-laulibu-gredzeni","8":"product_cat-gredzeni-ar-dargakmeniem","9":"product_tag-gredzeni-ar-briljantu","10":"product_tag-gredzeni-ar-briljantiem","11":"pa_akmeni-briljants","12":"pa_izmers-20-5","13":"pa_izmers-90","14":"pa_izmers-21-0","15":"pa_izmers-15-5","16":"pa_izmers-21-5","17":"pa_izmers-92","18":"pa_izmers-22-0","19":"pa_izmers-22-5","20":"pa_izmers-16-5","21":"pa_izmers-23-0","22":"pa_izmers-17-0","23":"pa_izmers-16-0","24":"pa_izmers-17-5","25":"pa_izmers-18-5","26":"pa_izmers-19-0","27":"pa_izmers-19-5","28":"pa_izmers-20-0","29":"pa_zelta-krasa-sarkanais-kombinets-zelts","30":"desktop-align-left","31":"tablet-align-left","32":"mobile-align-left","34":"first","35":"instock","36":"sale","37":"taxable","38":"shipping-taxable","39":"purchasable","40":"product-type-variable"},"aioseo_notices":[],"uagb_featured_image_src":{"full":["https:\/\/goldium.lv\/wp-content\/uploads\/2023\/01\/img_7013-2.jpeg",1080,1080,false],"thumbnail":["https:\/\/goldium.lv\/wp-content\/uploads\/2023\/01\/img_7013-2-150x150.jpeg",150,150,true],"medium":["https:\/\/goldium.lv\/wp-content\/uploads\/2023\/01\/img_7013-2-300x300.jpeg",300,300,true],"medium_large":["https:\/\/goldium.lv\/wp-content\/uploads\/2023\/01\/img_7013-2-768x768.jpeg",768,768,true],"large":["https:\/\/goldium.lv\/wp-content\/uploads\/2023\/01\/img_7013-2-1024x1024.jpeg",1024,1024,true],"1536x1536":["https:\/\/goldium.lv\/wp-content\/uploads\/2023\/01\/img_7013-2.jpeg",1080,1080,false],"2048x2048":["https:\/\/goldium.lv\/wp-content\/uploads\/2023\/01\/img_7013-2.jpeg",1080,1080,false],"trp-custom-language-flag":["https:\/\/goldium.lv\/wp-content\/uploads\/2023\/01\/img_7013-2-12x12.jpeg",12,12,true],"woocommerce_thumbnail":["https:\/\/goldium.lv\/wp-content\/uploads\/2023\/01\/img_7013-2-300x300.jpeg",300,300,true],"woocommerce_single":["https:\/\/goldium.lv\/wp-content\/uploads\/2023\/01\/img_7013-2-600x600.jpeg",600,600,true],"woocommerce_gallery_thumbnail":["https:\/\/goldium.lv\/wp-content\/uploads\/2023\/01\/img_7013-2-100x100.jpeg",100,100,true],"dgwt-wcas-product-suggestion":["https:\/\/goldium.lv\/wp-content\/uploads\/2023\/01\/img_7013-2.jpeg",64,64,false]},"uagb_author_info":{"display_name":"Antons Rjabovs","author_link":"https:\/\/goldium.lv\/ru\/author\/"},"uagb_comment_info":0,"uagb_excerpt":"Zelta prove - 585 Briljants - I; VS Cena un svars var main\u012bties atkar\u012bb\u0101 no izm\u0113ra. Ielikt briljantu aiz\u0146ems ned\u0113\u013cu p\u0113c pas\u016bt\u012bjuma. Par preces pieejam\u012bbu preciz\u0113jiet pa e-pastu: info@goldium.lv vai tel. 20464640, 20002122","_links":{"self":[{"href":"https:\/\/goldium.lv\/ru\/wp-json\/wp\/v2\/product\/1535","targetHints":{"allow":["GET"]}}],"collection":[{"href":"https:\/\/goldium.lv\/ru\/wp-json\/wp\/v2\/product"}],"about":[{"href":"https:\/\/goldium.lv\/ru\/wp-json\/wp\/v2\/types\/product"}],"wp:featuredmedia":[{"embeddable":true,"href":"https:\/\/goldium.lv\/ru\/wp-json\/wp\/v2\/media\/1742"}],"wp:attachment":[{"href":"https:\/\/goldium.lv\/ru\/wp-json\/wp\/v2\/media?parent=1535"}],"wp:term":[{"taxonomy":"product_brand","embeddable":true,"href":"https:\/\/goldium.lv\/ru\/wp-json\/wp\/v2\/product_brand?post=1535"},{"taxonomy":"product_cat","embeddable":true,"href":"https:\/\/goldium.lv\/ru\/wp-json\/wp\/v2\/product_cat?post=1535"},{"taxonomy":"product_tag","embeddable":true,"href":"https:\/\/goldium.lv\/ru\/wp-json\/wp\/v2\/product_tag?post=1535"}],"curies":[{"name":"wp","href":"https:\/\/api.w.org\/{rel}","templated":true}]}}