{"id":14520,"date":"2024-11-15T13:09:52","date_gmt":"2024-11-15T11:09:52","guid":{"rendered":"https:\/\/goldium.lv\/prece\/6-05-%d1%80%d0%b0%d0%b7%d0%b1%d0%be%d1%80%d0%bd%d1%8b%d0%b5\/"},"modified":"2026-01-29T14:08:36","modified_gmt":"2026-01-29T12:08:36","slug":"zelta-auskari-6-05gr","status":"publish","type":"product","link":"https:\/\/goldium.lv\/ru\/prece\/zelta-auskari-6-05gr\/","title":{"rendered":"Zelta auskari 6.05gr"},"content":{"rendered":"","protected":false},"excerpt":{"rendered":"<p>Zelta prove &#8211; 585. Auskari transformeri &#8211; var no\u0146emt vienu ri\u0146\u0137i. \u0421\u0435\u0440\u044c\u0433\u0438 \u0442\u0440\u0430\u043d\u0441\u0444\u043e\u0440\u043c\u0435\u0440\u044b, \u043c\u043e\u0436\u043d\u043e \u043d\u043e\u0441\u0438\u0442\u044c \u043a\u0430\u043a \u043e\u0434\u043d\u043e \u043a\u043e\u043b\u0435\u0447\u043a\u043e.<\/p>","protected":false},"featured_media":14519,"template":"","meta":{"om_disable_all_campaigns":false,"_uag_custom_page_level_css":"","site-sidebar-layout":"default","site-content-layout":"","ast-site-content-layout":"","site-content-style":"default","site-sidebar-style":"default","ast-global-header-display":"","ast-banner-title-visibility":"","ast-main-header-display":"","ast-hfb-above-header-display":"","ast-hfb-below-header-display":"","ast-hfb-mobile-header-display":"","site-post-title":"","ast-breadcrumbs-content":"","ast-featured-img":"","footer-sml-layout":"","theme-transparent-header-meta":"","adv-header-id-meta":"","stick-header-meta":"","header-above-stick-meta":"","header-main-stick-meta":"","header-below-stick-meta":"","astra-migrate-meta-layouts":"default","ast-page-background-enabled":"default","ast-page-background-meta":{"desktop":{"background-color":"","background-image":"","background-repeat":"repeat","background-position":"center center","background-size":"auto","background-attachment":"scroll","background-type":"","background-media":"","overlay-type":"","overlay-color":"","overlay-opacity":"","overlay-gradient":""},"tablet":{"background-color":"","background-image":"","background-repeat":"repeat","background-position":"center center","background-size":"auto","background-attachment":"scroll","background-type":"","background-media":"","overlay-type":"","overlay-color":"","overlay-opacity":"","overlay-gradient":""},"mobile":{"background-color":"","background-image":"","background-repeat":"repeat","background-position":"center center","background-size":"auto","background-attachment":"scroll","background-type":"","background-media":"","overlay-type":"","overlay-color":"","overlay-opacity":"","overlay-gradient":""}},"ast-content-background-meta":{"desktop":{"background-color":"var(--ast-global-color-5)","background-image":"","background-repeat":"repeat","background-position":"center center","background-size":"auto","background-attachment":"scroll","background-type":"","background-media":"","overlay-type":"","overlay-color":"","overlay-opacity":"","overlay-gradient":""},"tablet":{"background-color":"var(--ast-global-color-5)","background-image":"","background-repeat":"repeat","background-position":"center center","background-size":"auto","background-attachment":"scroll","background-type":"","background-media":"","overlay-type":"","overlay-color":"","overlay-opacity":"","overlay-gradient":""},"mobile":{"background-color":"var(--ast-global-color-5)","background-image":"","background-repeat":"repeat","background-position":"center center","background-size":"auto","background-attachment":"scroll","background-type":"","background-media":"","overlay-type":"","overlay-color":"","overlay-opacity":"","overlay-gradient":""}}},"product_brand":[],"product_cat":[53],"product_tag":[323],"class_list":{"0":"post-14520","1":"product","2":"type-product","3":"status-publish","4":"has-post-thumbnail","6":"product_cat-gari-auskari","7":"product_tag-zelta-auskari","8":"pa_akmeni-cirkonijs","9":"pa_zelta-krasa-sarkanais-kombinets-zelts","10":"desktop-align-left","11":"tablet-align-left","12":"mobile-align-left","14":"first","15":"instock","16":"sale","17":"taxable","18":"shipping-taxable","19":"purchasable","20":"product-type-simple"},"aioseo_notices":[],"uagb_featured_image_src":{"full":["https:\/\/goldium.lv\/wp-content\/uploads\/2024\/11\/vsgnhbifa0c_2024-11-14-16-17-03-1-scaled.jpeg",2560,2560,false],"thumbnail":["https:\/\/goldium.lv\/wp-content\/uploads\/2024\/11\/vsgnhbifa0c_2024-11-14-16-17-03-1-150x150.jpeg",150,150,true],"medium":["https:\/\/goldium.lv\/wp-content\/uploads\/2024\/11\/vsgnhbifa0c_2024-11-14-16-17-03-1-300x300.jpeg",300,300,true],"medium_large":["https:\/\/goldium.lv\/wp-content\/uploads\/2024\/11\/vsgnhbifa0c_2024-11-14-16-17-03-1-768x768.jpeg",768,768,true],"large":["https:\/\/goldium.lv\/wp-content\/uploads\/2024\/11\/vsgnhbifa0c_2024-11-14-16-17-03-1-1024x1024.jpeg",1024,1024,true],"1536x1536":["https:\/\/goldium.lv\/wp-content\/uploads\/2024\/11\/vsgnhbifa0c_2024-11-14-16-17-03-1-1536x1536.jpeg",1536,1536,true],"2048x2048":["https:\/\/goldium.lv\/wp-content\/uploads\/2024\/11\/vsgnhbifa0c_2024-11-14-16-17-03-1-2048x2048.jpeg",2048,2048,true],"trp-custom-language-flag":["https:\/\/goldium.lv\/wp-content\/uploads\/2024\/11\/vsgnhbifa0c_2024-11-14-16-17-03-1-12x12.jpeg",12,12,true],"woocommerce_thumbnail":["https:\/\/goldium.lv\/wp-content\/uploads\/2024\/11\/vsgnhbifa0c_2024-11-14-16-17-03-1-scaled-300x300.jpeg",300,300,true],"woocommerce_single":["https:\/\/goldium.lv\/wp-content\/uploads\/2024\/11\/vsgnhbifa0c_2024-11-14-16-17-03-1-scaled-600x600.jpeg",600,600,true],"woocommerce_gallery_thumbnail":["https:\/\/goldium.lv\/wp-content\/uploads\/2024\/11\/vsgnhbifa0c_2024-11-14-16-17-03-1-scaled-100x100.jpeg",100,100,true],"dgwt-wcas-product-suggestion":["https:\/\/goldium.lv\/wp-content\/uploads\/2024\/11\/vsgnhbifa0c_2024-11-14-16-17-03-1-scaled-64x64.jpeg",64,64,true]},"uagb_author_info":{"display_name":"Antons Rjabovs","author_link":"https:\/\/goldium.lv\/ru\/author\/"},"uagb_comment_info":0,"uagb_excerpt":"Zelta prove - 585. Auskari transformeri - var no\u0146emt vienu ri\u0146\u0137i. \u0421\u0435\u0440\u044c\u0433\u0438 \u0442\u0440\u0430\u043d\u0441\u0444\u043e\u0440\u043c\u0435\u0440\u044b, \u043c\u043e\u0436\u043d\u043e \u043d\u043e\u0441\u0438\u0442\u044c \u043a\u0430\u043a \u043e\u0434\u043d\u043e \u043a\u043e\u043b\u0435\u0447\u043a\u043e.","_links":{"self":[{"href":"https:\/\/goldium.lv\/ru\/wp-json\/wp\/v2\/product\/14520","targetHints":{"allow":["GET"]}}],"collection":[{"href":"https:\/\/goldium.lv\/ru\/wp-json\/wp\/v2\/product"}],"about":[{"href":"https:\/\/goldium.lv\/ru\/wp-json\/wp\/v2\/types\/product"}],"wp:featuredmedia":[{"embeddable":true,"href":"https:\/\/goldium.lv\/ru\/wp-json\/wp\/v2\/media\/14519"}],"wp:attachment":[{"href":"https:\/\/goldium.lv\/ru\/wp-json\/wp\/v2\/media?parent=14520"}],"wp:term":[{"taxonomy":"product_brand","embeddable":true,"href":"https:\/\/goldium.lv\/ru\/wp-json\/wp\/v2\/product_brand?post=14520"},{"taxonomy":"product_cat","embeddable":true,"href":"https:\/\/goldium.lv\/ru\/wp-json\/wp\/v2\/product_cat?post=14520"},{"taxonomy":"product_tag","embeddable":true,"href":"https:\/\/goldium.lv\/ru\/wp-json\/wp\/v2\/product_tag?post=14520"}],"curies":[{"name":"wp","href":"https:\/\/api.w.org\/{rel}","templated":true}]}}