{"id":12577,"date":"2024-06-15T14:30:28","date_gmt":"2024-06-15T12:30:28","guid":{"rendered":"https:\/\/goldium.lv\/prece\/3-5-comfort-modern-5-mm\/"},"modified":"2026-02-02T13:08:36","modified_gmt":"2026-02-02T11:08:36","slug":"laulibu-gredzens-comfort-modern-5mm-3-5mm","status":"publish","type":"product","link":"https:\/\/goldium.lv\/ru\/prece\/laulibu-gredzens-comfort-modern-5mm-3-5mm\/","title":{"rendered":"Zelta laul\u012bbas gredzens 5mm Modern comfort ~3.5gr"},"content":{"rendered":"","protected":false},"excerpt":{"rendered":"<p>\u041f\u0440\u043e\u0431\u0430 \u0437\u043e\u043b\u043e\u0442\u0430 - 585<\/p>\n<p>\u0426\u0435\u043d\u0430 \u0438 \u0432\u0435\u0441 \u043c\u043e\u0436\u0435\u0442 \u043c\u0435\u043d\u044f\u0442\u044c\u0441\u044f \u0432 \u0437\u0430\u0432\u0438\u0441\u0438\u043c\u043e\u0441\u0442\u0438 \u043e\u0442 \u0440\u0430\u0437\u043c\u0435\u0440\u0430.<\/p>\n<p>\u041e \u043d\u0430\u043b\u0438\u0447\u0438\u0438 \u0443\u0442\u043e\u0447\u043d\u044f\u0439\u0442\u0435 \u043f\u043e:\u00a0<b>info@goldium.lv<\/b>\u00a0vai tel.\u00a0<b>20454949<\/b>,\u00a0<b>20002122<\/b><\/p>","protected":false},"featured_media":17757,"template":"","meta":{"om_disable_all_campaigns":false,"_uag_custom_page_level_css":"","site-sidebar-layout":"default","site-content-layout":"","ast-site-content-layout":"default","site-content-style":"default","site-sidebar-style":"default","ast-global-header-display":"","ast-banner-title-visibility":"","ast-main-header-display":"","ast-hfb-above-header-display":"","ast-hfb-below-header-display":"","ast-hfb-mobile-header-display":"","site-post-title":"","ast-breadcrumbs-content":"","ast-featured-img":"","footer-sml-layout":"","theme-transparent-header-meta":"default","adv-header-id-meta":"","stick-header-meta":"","header-above-stick-meta":"","header-main-stick-meta":"","header-below-stick-meta":"","astra-migrate-meta-layouts":"set","ast-page-background-enabled":"default","ast-page-background-meta":{"desktop":{"background-color":"","background-image":"","background-repeat":"repeat","background-position":"center center","background-size":"auto","background-attachment":"scroll","background-type":"","background-media":"","overlay-type":"","overlay-color":"","overlay-opacity":"","overlay-gradient":""},"tablet":{"background-color":"","background-image":"","background-repeat":"repeat","background-position":"center center","background-size":"auto","background-attachment":"scroll","background-type":"","background-media":"","overlay-type":"","overlay-color":"","overlay-opacity":"","overlay-gradient":""},"mobile":{"background-color":"","background-image":"","background-repeat":"repeat","background-position":"center center","background-size":"auto","background-attachment":"scroll","background-type":"","background-media":"","overlay-type":"","overlay-color":"","overlay-opacity":"","overlay-gradient":""}},"ast-content-background-meta":{"desktop":{"background-color":"var(--ast-global-color-5)","background-image":"","background-repeat":"repeat","background-position":"center center","background-size":"auto","background-attachment":"scroll","background-type":"","background-media":"","overlay-type":"","overlay-color":"","overlay-opacity":"","overlay-gradient":""},"tablet":{"background-color":"var(--ast-global-color-5)","background-image":"","background-repeat":"repeat","background-position":"center center","background-size":"auto","background-attachment":"scroll","background-type":"","background-media":"","overlay-type":"","overlay-color":"","overlay-opacity":"","overlay-gradient":""},"mobile":{"background-color":"var(--ast-global-color-5)","background-image":"","background-repeat":"repeat","background-position":"center center","background-size":"auto","background-attachment":"scroll","background-type":"","background-media":"","overlay-type":"","overlay-color":"","overlay-opacity":"","overlay-gradient":""}}},"product_brand":[],"product_cat":[36],"product_tag":[138],"class_list":{"0":"post-12577","1":"product","2":"type-product","3":"status-publish","4":"has-post-thumbnail","6":"product_cat-laulibu-gredzeni","7":"product_tag-laulibu-gredzeni","8":"pa_akmeni-bez-akmeniem","9":"pa_izmers-18-5","10":"pa_izmers-20-5","11":"pa_izmers-23-5","12":"pa_izmers-21-0","13":"pa_izmers-90","14":"pa_izmers-21-5","15":"pa_izmers-15-5","16":"pa_izmers-22-0","17":"pa_izmers-92","18":"pa_izmers-22-5","19":"pa_izmers-16-5","20":"pa_izmers-23-0","21":"pa_izmers-17-0","22":"pa_izmers-17-5","23":"pa_izmers-19-0","24":"pa_izmers-19-5","25":"pa_izmers-16-0","26":"pa_izmers-20-0","27":"pa_zelta-krasa-sarkanais-kombinets-zelts","28":"desktop-align-left","29":"tablet-align-left","30":"mobile-align-left","32":"first","33":"instock","34":"sale","35":"taxable","36":"shipping-taxable","37":"purchasable","38":"product-type-variable"},"aioseo_notices":[],"uagb_featured_image_src":{"full":["https:\/\/goldium.lv\/wp-content\/uploads\/2024\/06\/un-0290_q69qwhiw5qo_2025-06-11-14-40-52.jpeg",1819,1819,false],"thumbnail":["https:\/\/goldium.lv\/wp-content\/uploads\/2024\/06\/un-0290_q69qwhiw5qo_2025-06-11-14-40-52-150x150.jpeg",150,150,true],"medium":["https:\/\/goldium.lv\/wp-content\/uploads\/2024\/06\/un-0290_q69qwhiw5qo_2025-06-11-14-40-52-300x300.jpeg",300,300,true],"medium_large":["https:\/\/goldium.lv\/wp-content\/uploads\/2024\/06\/un-0290_q69qwhiw5qo_2025-06-11-14-40-52-768x768.jpeg",768,768,true],"large":["https:\/\/goldium.lv\/wp-content\/uploads\/2024\/06\/un-0290_q69qwhiw5qo_2025-06-11-14-40-52-1024x1024.jpeg",1024,1024,true],"1536x1536":["https:\/\/goldium.lv\/wp-content\/uploads\/2024\/06\/un-0290_q69qwhiw5qo_2025-06-11-14-40-52-1536x1536.jpeg",1536,1536,true],"2048x2048":["https:\/\/goldium.lv\/wp-content\/uploads\/2024\/06\/un-0290_q69qwhiw5qo_2025-06-11-14-40-52.jpeg",1819,1819,false],"trp-custom-language-flag":["https:\/\/goldium.lv\/wp-content\/uploads\/2024\/06\/un-0290_q69qwhiw5qo_2025-06-11-14-40-52-12x12.jpeg",12,12,true],"woocommerce_thumbnail":["https:\/\/goldium.lv\/wp-content\/uploads\/2024\/06\/un-0290_q69qwhiw5qo_2025-06-11-14-40-52-300x300.jpeg",300,300,true],"woocommerce_single":["https:\/\/goldium.lv\/wp-content\/uploads\/2024\/06\/un-0290_q69qwhiw5qo_2025-06-11-14-40-52-600x600.jpeg",600,600,true],"woocommerce_gallery_thumbnail":["https:\/\/goldium.lv\/wp-content\/uploads\/2024\/06\/un-0290_q69qwhiw5qo_2025-06-11-14-40-52-100x100.jpeg",100,100,true],"dgwt-wcas-product-suggestion":["https:\/\/goldium.lv\/wp-content\/uploads\/2024\/06\/un-0290_q69qwhiw5qo_2025-06-11-14-40-52-64x64.jpeg",64,64,true]},"uagb_author_info":{"display_name":"Antons Rjabovs","author_link":"https:\/\/goldium.lv\/ru\/author\/"},"uagb_comment_info":0,"uagb_excerpt":"Zelta prove \u2013 585 Cena un svars var main\u012bties atkar\u012bb\u0101 no izm\u0113ra. Par preces pieejam\u012bbu preciz\u0113jiet pa e-pastu:\u00a0info@goldium.lv\u00a0vai tel.\u00a020454949,\u00a020002122","_links":{"self":[{"href":"https:\/\/goldium.lv\/ru\/wp-json\/wp\/v2\/product\/12577","targetHints":{"allow":["GET"]}}],"collection":[{"href":"https:\/\/goldium.lv\/ru\/wp-json\/wp\/v2\/product"}],"about":[{"href":"https:\/\/goldium.lv\/ru\/wp-json\/wp\/v2\/types\/product"}],"wp:featuredmedia":[{"embeddable":true,"href":"https:\/\/goldium.lv\/ru\/wp-json\/wp\/v2\/media\/17757"}],"wp:attachment":[{"href":"https:\/\/goldium.lv\/ru\/wp-json\/wp\/v2\/media?parent=12577"}],"wp:term":[{"taxonomy":"product_brand","embeddable":true,"href":"https:\/\/goldium.lv\/ru\/wp-json\/wp\/v2\/product_brand?post=12577"},{"taxonomy":"product_cat","embeddable":true,"href":"https:\/\/goldium.lv\/ru\/wp-json\/wp\/v2\/product_cat?post=12577"},{"taxonomy":"product_tag","embeddable":true,"href":"https:\/\/goldium.lv\/ru\/wp-json\/wp\/v2\/product_tag?post=12577"}],"curies":[{"name":"wp","href":"https:\/\/api.w.org\/{rel}","templated":true}]}}