{"id":9,"date":"2022-11-05T14:21:44","date_gmt":"2022-11-05T12:21:44","guid":{"rendered":"http:\/\/goldium.lv\/?page_id=9"},"modified":"2025-05-18T13:09:11","modified_gmt":"2025-05-18T11:09:11","slug":"piegade","status":"publish","type":"page","link":"https:\/\/goldium.lv\/ru\/piegade\/","title":{"rendered":"\u0414\u043e\u0441\u0442\u0430\u0432\u043a\u0430"},"content":{"rendered":"<div data-elementor-type=\"wp-page\" data-elementor-id=\"9\" class=\"elementor elementor-9\">\n\t\t\t\t<section class=\"elementor-section elementor-top-section elementor-element elementor-element-21190a33 elementor-section-boxed elementor-section-height-default elementor-section-height-default\" data-id=\"21190a33\" data-element_type=\"section\">\n\t\t\t\t\t\t<div class=\"elementor-container elementor-column-gap-default\">\n\t\t\t\t\t<div class=\"elementor-column elementor-col-100 elementor-top-column elementor-element elementor-element-2fd6d10a\" data-id=\"2fd6d10a\" data-element_type=\"column\">\n\t\t\t<div class=\"elementor-widget-wrap elementor-element-populated\">\n\t\t\t\t\t\t<div class=\"elementor-element elementor-element-63f47b2e elementor-widget elementor-widget-text-editor\" data-id=\"63f47b2e\" data-element_type=\"widget\" data-widget_type=\"text-editor.default\">\n\t\t\t\t<div class=\"elementor-widget-container\">\n\t\t\t\t\t\t\t\t\t<h4 style=\"text-align: left;\">\u0414\u043e\u0441\u0442\u0430\u0432\u043a\u0430<\/h4>\n<p><!-- \/wp:list-item --><\/p>\n<p><!-- \/wp:list --><\/p>\n<p><!-- wp:paragraph --><\/p>\n<ul style=\"font-size: 16px; font-style: normal; font-weight: 400;\">\n<li><strong>\u0412 \u043d\u0430\u0448\u0438 \u043c\u0430\u0433\u0430\u0437\u0438\u043d\u044b <\/strong>- 2 \u0440\u0430\u0431\u043e\u0447\u0438\u0445 \u0434\u043d\u044f (<span style=\"text-decoration: underline;\">\u0411\u0435\u0441\u043f\u043b\u0430\u0442\u043d\u0430\u044f \u0434\u043e\u0441\u0442\u0430\u0432\u043a\u0430<\/span>)<br \/>&#8211; GOLDIUM (\u0122ertr\u016bdes iela 55, R\u012bga)<br \/>&#8211; LEANT (L\u0101\u010dpl\u0113\u0161a iela 44, Daugavpils)<\/li>\n<li class=\"translation-block\"><strong>\u041a\u0443\u0440\u044c\u0435\u0440 (\u041b\u0430\u0442\u0432\u0438\u044f)<\/strong> - 3 \u0440\u0430\u0431\u043e\u0447\u0438\u0445 \u0434\u043d\u044f, <strong>8.00 EUR<\/strong> (\u0411\u0435\u0441\u043f\u043b\u0430\u0442\u043d\u0430\u044f \u0434\u043e\u0441\u0442\u0430\u0432\u043a\u0430 \u043a\u0443\u0440\u044c\u0435\u0440\u043e\u043c \u0434\u043b\u044f \u0437\u0430\u043a\u0430\u0437\u043e\u0432 \u043e\u0442 600 EUR)<\/li>\n<li><strong>Omniva \u043f\u0430\u043a\u043e\u043c\u0430\u0442\u044b<\/strong> (<strong>\u041b\u0430\u0442\u0432\u0438\u044f) <\/strong>- 2 \u0440\u0430\u0431\u043e\u0447\u0438\u0445 \u0434\u043d\u044f,\u00a0 <strong>3.00 EUR<\/strong> (<span style=\"text-decoration: underline;\">\u0411\u0435\u0441\u043f\u043b\u0430\u0442\u043d\u0430\u044f \u0434\u043e\u0441\u0442\u0430\u0432\u043a\u0430<\/span> \u043f\u0430\u043a\u043e\u043c\u0430\u0442\u043e\u043c \u0434\u043b\u044f \u043f\u043e\u0441\u044b\u043b\u043e\u043a <span style=\"text-decoration: underline;\">\u0441\u0432\u044b\u0448\u0435 300 EUR<\/span>)<\/li>\n<\/ul>\n<div>\u0418\u0437\u0434\u0435\u043b\u0438\u044f \u043c\u043e\u0436\u043d\u043e \u0437\u0430\u043a\u0430\u0437\u0430\u0442\u044c \u0432 \u043c\u0430\u0433\u0430\u0437\u0438\u043d \u0434\u043b\u044f \u043f\u0440\u043e\u0441\u043c\u043e\u0442\u0440\u0430, \u043f\u043e\u0442\u043e\u043c \u0443\u0436\u0435 \u043f\u0440\u0438\u043d\u044f\u0442\u044c \u0440\u0435\u0448\u0435\u043d\u0438\u0435 \u043e \u043f\u043e\u043a\u0443\u043f\u043a\u0435.<\/div>\n<div><hr \/><\/div>\n<p>\u00a0<\/p>\n<p>\u042d\u0441\u0442\u043e\u043d\u0438\u044f \u0438 \u041b\u0438\u0442\u0432\u0430 - omniva \u043f\u0430\u043a\u043e\u043c\u0430\u0442\u044b 7 EUR (3 \u0440\u0430\u0431\u043e\u0447\u0438\u0445 \u0434\u043d\u044f), \u043a\u0443\u0440\u044c\u0435\u0440 12 EUR (4 \u0440\u0430\u0431\u043e\u0447\u0438\u0445 \u0434\u043d\u044f)<\/p>\n<p>\u041e\u0441\u0442\u0430\u043b\u044c\u043d\u044b\u0435 \u0441\u0442\u0440\u0430\u043d\u044b \u0415\u0432\u0440\u043e\u043f\u044b (\u0434\u043e\u0441\u0442\u0430\u0432\u043a\u0430 \u043f\u043e \u0432\u0441\u0435\u0439 \u0415\u0432\u0440\u043e\u043f\u0435) - \u043a\u0443\u0440\u044c\u0435\u0440 25 EUR (12 \u0440\u0430\u0431\u043e\u0447\u0438\u0445 \u0434\u043d\u0435\u0439)<\/p>\n<div>\u00a0<\/div>\n<p><!-- \/wp:list-item --><\/p>\n<p><!-- \/wp:list --><\/p>\n<p><!-- wp:paragraph --><\/p>\n<p><!-- \/wp:list-item --><\/p>\n<p><!-- \/wp:list --><\/p>\n<p><!-- wp:paragraph --><\/p>\n<p>\u00a0<\/p>\n<p><!-- \/wp:paragraph --><\/p>\n<p><!-- wp:paragraph --><\/p>\n<p><!-- \/wp:paragraph --><\/p>\t\t\t\t\t\t\t\t<\/div>\n\t\t\t\t<\/div>\n\t\t\t\t\t<\/div>\n\t\t<\/div>\n\t\t\t\t\t<\/div>\n\t\t<\/section>\t\t<\/div>","protected":false},"excerpt":{"rendered":"<p>Pieg\u0101de: M\u016bsu veikalos &#8211; 2 darba dienas (Bezmaksas)&#8211; GOLDIUM (\u0122ertr\u016bdes iela 55, R\u012bga)&#8211; LEANT (L\u0101\u010dpl\u0113\u0161a iela 44, Daugavpils) Kurjers (Latvija)\u00a0&#8211; 3 darba dienas,\u00a0 8.00 EUR (Bezmaksas kurjers pas\u016bt\u012bjumiem virs 600 EUR) Omniva pakom\u0101ti (Latvija) &#8211; 2 darba dienas,\u00a0 3.00 EUR (Bezmaksas pakom\u0101tu pieg\u0101de pas\u016bt\u012bjumiem virs 300 EUR) Preces var pas\u016bt\u012bt uz veikalu apskatei, p\u0113c tam [&hellip;]<\/p>","protected":false},"author":1,"featured_media":0,"parent":0,"menu_order":0,"comment_status":"closed","ping_status":"closed","template":"elementor_header_footer","meta":{"om_disable_all_campaigns":false,"_uag_custom_page_level_css":"","site-sidebar-layout":"default","site-content-layout":"","ast-site-content-layout":"default","site-content-style":"default","site-sidebar-style":"default","ast-global-header-display":"","ast-banner-title-visibility":"","ast-main-header-display":"","ast-hfb-above-header-display":"","ast-hfb-below-header-display":"","ast-hfb-mobile-header-display":"","site-post-title":"disabled","ast-breadcrumbs-content":"","ast-featured-img":"","footer-sml-layout":"","theme-transparent-header-meta":"","adv-header-id-meta":"","stick-header-meta":"","header-above-stick-meta":"","header-main-stick-meta":"","header-below-stick-meta":"","astra-migrate-meta-layouts":"set","ast-page-background-enabled":"default","ast-page-background-meta":{"desktop":{"background-color":"","background-image":"","background-repeat":"repeat","background-position":"center center","background-size":"auto","background-attachment":"scroll","background-type":"","background-media":"","overlay-type":"","overlay-color":"","overlay-opacity":"","overlay-gradient":""},"tablet":{"background-color":"","background-image":"","background-repeat":"repeat","background-position":"center center","background-size":"auto","background-attachment":"scroll","background-type":"","background-media":"","overlay-type":"","overlay-color":"","overlay-opacity":"","overlay-gradient":""},"mobile":{"background-color":"","background-image":"","background-repeat":"repeat","background-position":"center center","background-size":"auto","background-attachment":"scroll","background-type":"","background-media":"","overlay-type":"","overlay-color":"","overlay-opacity":"","overlay-gradient":""}},"ast-content-background-meta":{"desktop":{"background-color":"var(--ast-global-color-5)","background-image":"","background-repeat":"repeat","background-position":"center center","background-size":"auto","background-attachment":"scroll","background-type":"","background-media":"","overlay-type":"","overlay-color":"","overlay-opacity":"","overlay-gradient":""},"tablet":{"background-color":"var(--ast-global-color-5)","background-image":"","background-repeat":"repeat","background-position":"center center","background-size":"auto","background-attachment":"scroll","background-type":"","background-media":"","overlay-type":"","overlay-color":"","overlay-opacity":"","overlay-gradient":""},"mobile":{"background-color":"var(--ast-global-color-5)","background-image":"","background-repeat":"repeat","background-position":"center center","background-size":"auto","background-attachment":"scroll","background-type":"","background-media":"","overlay-type":"","overlay-color":"","overlay-opacity":"","overlay-gradient":""}},"footnotes":""},"class_list":["post-9","page","type-page","status-publish","hentry"],"aioseo_notices":[],"uagb_featured_image_src":{"full":false,"thumbnail":false,"medium":false,"medium_large":false,"large":false,"1536x1536":false,"2048x2048":false,"trp-custom-language-flag":false,"woocommerce_thumbnail":false,"woocommerce_single":false,"woocommerce_gallery_thumbnail":false,"dgwt-wcas-product-suggestion":false},"uagb_author_info":{"display_name":"Antons Rjabovs","author_link":"https:\/\/goldium.lv\/ru\/author\/rantinbox-lv\/"},"uagb_comment_info":0,"uagb_excerpt":"Pieg\u0101de: M\u016bsu veikalos &#8211; 2 darba dienas (Bezmaksas)&#8211; GOLDIUM (\u0122ertr\u016bdes iela 55, R\u012bga)&#8211; LEANT (L\u0101\u010dpl\u0113\u0161a iela 44, Daugavpils) Kurjers (Latvija)\u00a0&#8211; 3 darba dienas,\u00a0 8.00 EUR (Bezmaksas kurjers pas\u016bt\u012bjumiem virs 600 EUR) Omniva pakom\u0101ti (Latvija) &#8211; 2 darba dienas,\u00a0 3.00 EUR (Bezmaksas pakom\u0101tu pieg\u0101de pas\u016bt\u012bjumiem virs 300 EUR) Preces var pas\u016bt\u012bt uz veikalu apskatei, p\u0113c tam&hellip;","_links":{"self":[{"href":"https:\/\/goldium.lv\/ru\/wp-json\/wp\/v2\/pages\/9","targetHints":{"allow":["GET"]}}],"collection":[{"href":"https:\/\/goldium.lv\/ru\/wp-json\/wp\/v2\/pages"}],"about":[{"href":"https:\/\/goldium.lv\/ru\/wp-json\/wp\/v2\/types\/page"}],"author":[{"embeddable":true,"href":"https:\/\/goldium.lv\/ru\/wp-json\/wp\/v2\/users\/1"}],"replies":[{"embeddable":true,"href":"https:\/\/goldium.lv\/ru\/wp-json\/wp\/v2\/comments?post=9"}],"version-history":[{"count":56,"href":"https:\/\/goldium.lv\/ru\/wp-json\/wp\/v2\/pages\/9\/revisions"}],"predecessor-version":[{"id":16500,"href":"https:\/\/goldium.lv\/ru\/wp-json\/wp\/v2\/pages\/9\/revisions\/16500"}],"wp:attachment":[{"href":"https:\/\/goldium.lv\/ru\/wp-json\/wp\/v2\/media?parent=9"}],"curies":[{"name":"wp","href":"https:\/\/api.w.org\/{rel}","templated":true}]}}