{"id":7847,"date":"2023-09-26T13:28:20","date_gmt":"2023-09-26T11:28:20","guid":{"rendered":"https:\/\/goldium.lv\/?page_id=7847"},"modified":"2026-02-02T17:16:58","modified_gmt":"2026-02-02T15:16:58","slug":"kapec-mums-ir-tik-zemas-cenas","status":"publish","type":"page","link":"https:\/\/goldium.lv\/ru\/kapec-mums-ir-tik-zemas-cenas\/","title":{"rendered":"\u041f\u043e\u0447\u0435\u043c\u0443 \u0443 \u043d\u0430\u0441 \u0442\u0430\u043a\u0430\u044f \u043d\u0438\u0437\u043a\u0430\u044f \u0446\u0435\u043d\u0430?"},"content":{"rendered":"<div data-elementor-type=\"wp-page\" data-elementor-id=\"7847\" class=\"elementor elementor-7847\">\n\t\t\t\t\t\t<section class=\"elementor-section elementor-top-section elementor-element elementor-element-2d74fb7 elementor-section-boxed elementor-section-height-default elementor-section-height-default\" data-id=\"2d74fb7\" data-element_type=\"section\">\n\t\t\t\t\t\t<div class=\"elementor-container elementor-column-gap-default\">\n\t\t\t\t\t<div class=\"elementor-column elementor-col-100 elementor-top-column elementor-element elementor-element-8aaad7d\" data-id=\"8aaad7d\" data-element_type=\"column\">\n\t\t\t<div class=\"elementor-widget-wrap elementor-element-populated\">\n\t\t\t\t\t\t<div class=\"elementor-element elementor-element-5a37487 elementor-widget elementor-widget-text-editor\" data-id=\"5a37487\" data-element_type=\"widget\" data-widget_type=\"text-editor.default\">\n\t\t\t\t<div class=\"elementor-widget-container\">\n\t\t\t\t\t\t\t\t\t<h5>\u00a0<\/h5><h5>\u041f\u043e\u0447\u0435\u043c\u0443 \u0443 \u043d\u0430\u0441 \u0442\u0430\u043a\u0430\u044f \u043d\u0438\u0437\u043a\u0430\u044f \u0446\u0435\u043d\u0430, \u0432 \u0441\u0440\u0435\u0434\u043d\u0435\u043c 160 EUR \u0437\u0430 \u0433\u0440\u0430\u043c\u043c \u0437\u043e\u043b\u043e\u0442\u0430?<\/h5><div>\u00a0<\/div><p class=\"translation-block\">\u0412 \u0441\u0440\u0435\u0434\u043d\u0435\u043c, 1 \u0433\u0440\u0430\u043c\u043c \u0437\u043e\u043b\u043e\u0442\u0430 \u0432 \u0434\u0440\u0443\u0433\u0438\u0445 \u044e\u0432\u0435\u043b\u0438\u0440\u043d\u044b\u0445 \u043c\u0430\u0433\u0430\u0437\u0438\u043d\u0430\u0445 \u0441\u0442\u043e\u0438\u0442 \u043e\u043a\u043e\u043b\u043e 240 \u0435\u0432\u0440\u043e \u043f\u043e\u0441\u043b\u0435 \u0432\u0441\u0435\u0445 \u0441\u043a\u0438\u0434\u043e\u043a. \u0412 \u043d\u0430\u0448\u0435\u043c \u043c\u0430\u0433\u0430\u0437\u0438\u043d\u0435 \u0432 \u0441\u0440\u0435\u0434\u043d\u0435\u043c, \u043f\u043e\u0441\u043b\u0435 \u0441\u043a\u0438\u0434\u043a\u0438, \u0446\u0435\u043d\u0430 \u0441\u043e\u0441\u0442\u0430\u0432\u043b\u044f\u0435\u0442 \u0432\u0441\u0435\u0433\u043e <strong>160 \u0435\u0432\u0440\u043e \u0437\u0430 \u043e\u0434\u0438\u043d \u0433\u0440\u0430\u043c\u043c<\/strong>, \u043f\u0440\u0438 \u0442\u043e\u0439 \u0436\u0435 <strong>\u043f\u0440\u043e\u0431\u0435 \u0437\u043e\u043b\u043e\u0442\u0430 585<\/strong>.<\/p><p>\u0418\u0437\u0434\u0435\u043b\u0438\u044f \u0441 \u0432\u0435\u0441\u043e\u043c \u0434\u043e 1 \u0433\u0440\u0430\u043c\u043c\u0430 = 170 EUR \/ \u0433\u0440\u0430\u043c\u043c.<\/p><p>\u0422\u044f\u0436\u0435\u043b\u044b\u0435 \u0446\u0435\u043f\u043e\u0447\u043a\u0438 \u0438 \u0431\u0440\u0430\u0441\u043b\u0435\u0442\u044b = 140-150 EUR \/ \u0433\u0440\u0430\u043c\u043c.<\/p><p>\u042d\u0442\u043e \u0432\u043e\u0437\u043c\u043e\u0436\u043d\u043e \u043f\u043e \u0441\u043b\u0435\u0434\u0443\u044e\u0449\u0438\u043c \u043f\u0440\u0438\u0447\u0438\u043d\u0430\u043c:<\/p><ul><li>\u0431\u043e\u043b\u0435\u0435 25 \u043b\u0435\u0442 \u043e\u043f\u044b\u0442\u0430 \u0432 \u0442\u043e\u0440\u0433\u043e\u0432\u043b\u0435 \u0437\u043e\u043b\u043e\u0442\u044b\u043c\u0438 \u044e\u0432\u0435\u043b\u0438\u0440\u043d\u044b\u043c\u0438 \u0438\u0437\u0434\u0435\u043b\u0438\u044f\u043c\u0438 \u043f\u043e\u043c\u043e\u0433\u0430\u044e\u0442 \u043d\u0430\u043c \u043f\u043e\u043b\u0443\u0447\u0430\u0442\u044c \u043b\u0443\u0447\u0448\u0438\u0435 \u0446\u0435\u043d\u043e\u0432\u044b\u0435 \u043f\u0440\u0435\u0434\u043b\u043e\u0436\u0435\u043d\u0438\u044f \u043e\u0442 \u0435\u0432\u0440\u043e\u043f\u0435\u0439\u0441\u043a\u0438\u0445 \u0437\u0430\u0432\u043e\u0434\u043e\u0432<\/li><li>\u043d\u0435\u0442 \u0430\u0440\u0435\u043d\u0434\u044b, \u043f\u043e\u043c\u0435\u0449\u0435\u043d\u0438\u044f \u043c\u0430\u0433\u0430\u0437\u0438\u043d\u043e\u0432 \u043f\u0440\u0438\u043d\u0430\u0434\u043b\u0435\u0436\u0430\u0442 \u043d\u0430\u043c<\/li><li>\u043c\u044b \u043d\u0435 \u0442\u0440\u0430\u0442\u0438\u043c \u043c\u043d\u043e\u0433\u043e \u0434\u0435\u043d\u0435\u0433 \u043d\u0430 \u0440\u0435\u043a\u043b\u0430\u043c\u0443 \u0438 \u043c\u0430\u0440\u043a\u0435\u0442\u0438\u043d\u0433\u043e\u0432\u044b\u0435 \u043c\u0435\u0440\u043e\u043f\u0440\u0438\u044f\u0442\u0438\u044f<\/li><li class=\"translation-block\">\u043c\u044b \u0441\u0430\u043c\u0438 \u0437\u0430\u043d\u0438\u043c\u0430\u0435\u043c\u0441\u044f \u0444\u043e\u0442\u043e\u0433\u0440\u0430\u0444\u0438\u044f\u043c\u0438, \u0432\u0435\u0434\u0435\u043d\u0438\u0435\u043c \u0441\u0442\u0440\u0430\u043d\u0438\u0446\u044b \u0432 <a href=\"https:\/\/www.facebook.com\/Leantjuvelierusalons\/\" target=\"_self\"><span style=\"color: #0000ff\"><strong>Facebook<\/strong><\/span><\/a> \u0438 \u0440\u0430\u0437\u0440\u0430\u0431\u043e\u0442\u043a\u043e\u0439 \u0441\u0430\u0439\u0442\u0430 goldium.lv, \u0447\u0442\u043e \u043f\u043e\u0437\u0432\u043e\u043b\u044f\u0435\u0442 \u043d\u0430\u043c \u0443\u0434\u0435\u0440\u0436\u0438\u0432\u0430\u0442\u044c \u0446\u0435\u043d\u044b \u043d\u0430 \u043d\u0438\u0437\u043a\u043e\u043c \u0443\u0440\u043e\u0432\u043d\u0435<\/li><li>\u0434\u043b\u044f \u043e\u0431\u0435\u0441\u043f\u0435\u0447\u0435\u043d\u0438\u044f \u043b\u0443\u0447\u0448\u0435\u0433\u043e \u043a\u0430\u0447\u0435\u0441\u0442\u0432\u0430 \u043f\u0440\u043e\u0434\u0443\u043a\u0446\u0438\u0438 \u043c\u044b \u0441\u0430\u043c\u0438 \u043e\u0442\u0431\u0438\u0440\u0430\u0435\u043c \u0435\u0435 \u043d\u0430 \u044e\u0432\u0435\u043b\u0438\u0440\u043d\u044b\u0445 \u0444\u0430\u0431\u0440\u0438\u043a\u0430\u0445 \u0438 \u0441\u0430\u043c\u0438 \u0434\u043e\u0441\u0442\u0430\u0432\u043b\u044f\u0435\u043c \u0435\u0435 \u0441\u0435\u0431\u0435 \u0432 \u043c\u0430\u0433\u0430\u0437\u0438\u043d\u044b, \u0431\u0435\u0437 \u043f\u043e\u0441\u0440\u0435\u0434\u043d\u0438\u043a\u043e\u0432<\/li><\/ul><p>\u042d\u0442\u0438 \u0444\u0430\u043a\u0442\u043e\u0440\u044b \u043f\u043e\u0437\u0432\u043e\u043b\u044f\u044e\u0442 \u043d\u0430\u043c \u043f\u0440\u0435\u0434\u043b\u0430\u0433\u0430\u0442\u044c \u0438\u0437\u0434\u0435\u043b\u0438\u044f \u0438\u0437 \u0437\u043e\u043b\u043e\u0442\u0430 \u043f\u043e \u0431\u043e\u043b\u0435\u0435 \u043d\u0438\u0437\u043a\u0438\u043c \u0446\u0435\u043d\u0430\u043c \u0438 \u0434\u0435\u043b\u0430\u044e\u0442 \u043d\u0430\u0448 \u043c\u0430\u0433\u0430\u0437\u0438\u043d \u043f\u0440\u0438\u0432\u043b\u0435\u043a\u0430\u0442\u0435\u043b\u044c\u043d\u044b\u043c \u0432\u044b\u0431\u043e\u0440\u043e\u043c \u0434\u043b\u044f \u043b\u044e\u0434\u0435\u0439, \u0438\u0449\u0443\u0449\u0438\u0445 \u0432\u044b\u0441\u043e\u043a\u043e\u043a\u0430\u0447\u0435\u0441\u0442\u0432\u0435\u043d\u043d\u044b\u0435 \u0437\u043e\u043b\u043e\u0442\u044b\u0435 \u0438\u0437\u0434\u0435\u043b\u0438\u044f \u043f\u043e \u043f\u0440\u0438\u0435\u043c\u043b\u0435\u043c\u044b\u043c \u0446\u0435\u043d\u0430\u043c.<\/p>\t\t\t\t\t\t\t\t<\/div>\n\t\t\t\t<\/div>\n\t\t\t\t\t<\/div>\n\t\t<\/div>\n\t\t\t\t\t<\/div>\n\t\t<\/section>\n\t\t\t\t<\/div>","protected":false},"excerpt":{"rendered":"<p>\u00a0 K\u0101p\u0113c m\u016bms ir tik zemas cenas, vid\u0113ji 160 EUR par zelta gramu? \u00a0 Vid\u0113ji, 1 grams zelta citos juvelierizstr\u0101d\u0101jumu veikalos maks\u0101 ap 240 EUR \/ grams, p\u0113c vis\u0101m atlaid\u0113m. M\u016bsu veikal\u0101 vid\u0113ji, p\u0113c atlaides, san\u0101k tikai 160 EUR par vienu gramu zelta, ar to pa\u0161u 585 zelta provi jaunos juvelierzstrad\u0101jumos. given Izstr\u0101d\u0101jumi ar sv\u0101ru [&hellip;]<\/p>","protected":false},"author":1,"featured_media":0,"parent":0,"menu_order":0,"comment_status":"closed","ping_status":"closed","template":"","meta":{"om_disable_all_campaigns":false,"_uag_custom_page_level_css":"","site-sidebar-layout":"no-sidebar","site-content-layout":"page-builder","ast-site-content-layout":"full-width-container","site-content-style":"default","site-sidebar-style":"default","ast-global-header-display":"","ast-banner-title-visibility":"","ast-main-header-display":"","ast-hfb-above-header-display":"","ast-hfb-below-header-display":"","ast-hfb-mobile-header-display":"","site-post-title":"disabled","ast-breadcrumbs-content":"","ast-featured-img":"disabled","footer-sml-layout":"","theme-transparent-header-meta":"","adv-header-id-meta":"","stick-header-meta":"","header-above-stick-meta":"","header-main-stick-meta":"","header-below-stick-meta":"","astra-migrate-meta-layouts":"set","ast-page-background-enabled":"default","ast-page-background-meta":{"desktop":{"background-color":"","background-image":"","background-repeat":"repeat","background-position":"center center","background-size":"auto","background-attachment":"scroll","background-type":"","background-media":"","overlay-type":"","overlay-color":"","overlay-opacity":"","overlay-gradient":""},"tablet":{"background-color":"","background-image":"","background-repeat":"repeat","background-position":"center center","background-size":"auto","background-attachment":"scroll","background-type":"","background-media":"","overlay-type":"","overlay-color":"","overlay-opacity":"","overlay-gradient":""},"mobile":{"background-color":"","background-image":"","background-repeat":"repeat","background-position":"center center","background-size":"auto","background-attachment":"scroll","background-type":"","background-media":"","overlay-type":"","overlay-color":"","overlay-opacity":"","overlay-gradient":""}},"ast-content-background-meta":{"desktop":{"background-color":"var(--ast-global-color-5)","background-image":"","background-repeat":"repeat","background-position":"center center","background-size":"auto","background-attachment":"scroll","background-type":"","background-media":"","overlay-type":"","overlay-color":"","overlay-opacity":"","overlay-gradient":""},"tablet":{"background-color":"var(--ast-global-color-5)","background-image":"","background-repeat":"repeat","background-position":"center center","background-size":"auto","background-attachment":"scroll","background-type":"","background-media":"","overlay-type":"","overlay-color":"","overlay-opacity":"","overlay-gradient":""},"mobile":{"background-color":"var(--ast-global-color-5)","background-image":"","background-repeat":"repeat","background-position":"center center","background-size":"auto","background-attachment":"scroll","background-type":"","background-media":"","overlay-type":"","overlay-color":"","overlay-opacity":"","overlay-gradient":""}},"footnotes":""},"class_list":["post-7847","page","type-page","status-publish","hentry"],"aioseo_notices":[],"uagb_featured_image_src":{"full":false,"thumbnail":false,"medium":false,"medium_large":false,"large":false,"1536x1536":false,"2048x2048":false,"trp-custom-language-flag":false,"woocommerce_thumbnail":false,"woocommerce_single":false,"woocommerce_gallery_thumbnail":false,"dgwt-wcas-product-suggestion":false},"uagb_author_info":{"display_name":"Antons Rjabovs","author_link":"https:\/\/goldium.lv\/ru\/author\/rantinbox-lv\/"},"uagb_comment_info":0,"uagb_excerpt":"\u00a0 K\u0101p\u0113c m\u016bms ir tik zemas cenas, vid\u0113ji 160 EUR par zelta gramu? \u00a0 Vid\u0113ji, 1 grams zelta citos juvelierizstr\u0101d\u0101jumu veikalos maks\u0101 ap 240 EUR \/ grams, p\u0113c vis\u0101m atlaid\u0113m. M\u016bsu veikal\u0101 vid\u0113ji, p\u0113c atlaides, san\u0101k tikai 160 EUR par vienu gramu zelta, ar to pa\u0161u 585 zelta provi jaunos juvelierzstrad\u0101jumos. given Izstr\u0101d\u0101jumi ar sv\u0101ru&hellip;","_links":{"self":[{"href":"https:\/\/goldium.lv\/ru\/wp-json\/wp\/v2\/pages\/7847","targetHints":{"allow":["GET"]}}],"collection":[{"href":"https:\/\/goldium.lv\/ru\/wp-json\/wp\/v2\/pages"}],"about":[{"href":"https:\/\/goldium.lv\/ru\/wp-json\/wp\/v2\/types\/page"}],"author":[{"embeddable":true,"href":"https:\/\/goldium.lv\/ru\/wp-json\/wp\/v2\/users\/1"}],"replies":[{"embeddable":true,"href":"https:\/\/goldium.lv\/ru\/wp-json\/wp\/v2\/comments?post=7847"}],"version-history":[{"count":125,"href":"https:\/\/goldium.lv\/ru\/wp-json\/wp\/v2\/pages\/7847\/revisions"}],"predecessor-version":[{"id":22632,"href":"https:\/\/goldium.lv\/ru\/wp-json\/wp\/v2\/pages\/7847\/revisions\/22632"}],"wp:attachment":[{"href":"https:\/\/goldium.lv\/ru\/wp-json\/wp\/v2\/media?parent=7847"}],"curies":[{"name":"wp","href":"https:\/\/api.w.org\/{rel}","templated":true}]}}