{"id":397,"date":"2021-07-26T07:42:41","date_gmt":"2021-07-26T07:42:41","guid":{"rendered":"http:\/\/goldium.lv\/?page_id=397"},"modified":"2026-02-02T12:37:26","modified_gmt":"2026-02-02T10:37:26","slug":"about","status":"publish","type":"page","link":"https:\/\/goldium.lv\/ru\/about\/","title":{"rendered":"\u041a\u043e\u043d\u0442\u0430\u043a\u0442\u044b"},"content":{"rendered":"<div data-elementor-type=\"wp-page\" data-elementor-id=\"397\" class=\"elementor elementor-397\">\n\t\t\t\t\t\t<section class=\"elementor-section elementor-top-section elementor-element elementor-element-1b6cc8e elementor-section-boxed elementor-section-height-default elementor-section-height-default\" data-id=\"1b6cc8e\" data-element_type=\"section\">\n\t\t\t\t\t\t<div class=\"elementor-container elementor-column-gap-default\">\n\t\t\t\t\t<div class=\"elementor-column elementor-col-100 elementor-top-column elementor-element elementor-element-5c19bb5\" data-id=\"5c19bb5\" data-element_type=\"column\">\n\t\t\t<div class=\"elementor-widget-wrap elementor-element-populated\">\n\t\t\t\t\t\t<div class=\"elementor-element elementor-element-9ad2cb2 elementor-widget elementor-widget-heading\" data-id=\"9ad2cb2\" data-element_type=\"widget\" data-widget_type=\"heading.default\">\n\t\t\t\t<div class=\"elementor-widget-container\">\n\t\t\t\t\t<h2 class=\"elementor-heading-title elementor-size-default\">\u041a\u043e\u043d\u0442\u0430\u043a\u0442\u044b<\/h2>\t\t\t\t<\/div>\n\t\t\t\t<\/div>\n\t\t\t\t\t<\/div>\n\t\t<\/div>\n\t\t\t\t\t<\/div>\n\t\t<\/section>\n\t\t\t\t<section class=\"elementor-section elementor-top-section elementor-element elementor-element-44e99e1 elementor-section-boxed elementor-section-height-default elementor-section-height-default\" data-id=\"44e99e1\" data-element_type=\"section\">\n\t\t\t\t\t\t<div class=\"elementor-container elementor-column-gap-default\">\n\t\t\t\t\t<div class=\"elementor-column elementor-col-50 elementor-top-column elementor-element elementor-element-a7b2e7c\" data-id=\"a7b2e7c\" data-element_type=\"column\">\n\t\t\t<div class=\"elementor-widget-wrap elementor-element-populated\">\n\t\t\t\t\t\t<div class=\"elementor-element elementor-element-e602100 elementor-widget-mobile__width-initial elementor-widget elementor-widget-text-editor\" data-id=\"e602100\" data-element_type=\"widget\" data-widget_type=\"text-editor.default\">\n\t\t\t\t<div class=\"elementor-widget-container\">\n\t\t\t\t\t\t\t\t\t<h4 style=\"font-style: normal;\">GOLDIUM<\/h4><h4 style=\"font-style: normal;\">\u0122ertr\u016bdes iela 55, R\u012bga<\/h4>\t\t\t\t\t\t\t\t<\/div>\n\t\t\t\t<\/div>\n\t\t\t\t<section class=\"elementor-section elementor-inner-section elementor-element elementor-element-56defc9 elementor-section-boxed elementor-section-height-default elementor-section-height-default\" data-id=\"56defc9\" data-element_type=\"section\">\n\t\t\t\t\t\t<div class=\"elementor-container elementor-column-gap-default\">\n\t\t\t\t\t<div class=\"elementor-column elementor-col-50 elementor-inner-column elementor-element elementor-element-8b8d2ea\" data-id=\"8b8d2ea\" data-element_type=\"column\">\n\t\t\t<div class=\"elementor-widget-wrap elementor-element-populated\">\n\t\t\t\t\t\t<div class=\"elementor-element elementor-element-a02bde6 elementor-widget elementor-widget-text-editor\" data-id=\"a02bde6\" data-element_type=\"widget\" data-widget_type=\"text-editor.default\">\n\t\t\t\t<div class=\"elementor-widget-container\">\n\t\t\t\t\t\t\t\t\t<p>\u0413\u0440\u0430\u0444\u0438\u043a \u0440\u0430\u0431\u043e\u0442\u044b <strong>\u0420\u0438\u0433\u0430<\/strong><\/p>\t\t\t\t\t\t\t\t<\/div>\n\t\t\t\t<\/div>\n\t\t\t\t\t<\/div>\n\t\t<\/div>\n\t\t\t\t<div class=\"elementor-column elementor-col-50 elementor-inner-column elementor-element elementor-element-2f6697c\" data-id=\"2f6697c\" data-element_type=\"column\">\n\t\t\t<div class=\"elementor-widget-wrap elementor-element-populated\">\n\t\t\t\t\t\t<div class=\"elementor-element elementor-element-4ae4a2c elementor-widget elementor-widget-text-editor\" data-id=\"4ae4a2c\" data-element_type=\"widget\" data-widget_type=\"text-editor.default\">\n\t\t\t\t<div class=\"elementor-widget-container\">\n\t\t\t\t\t\t\t\t\t<div><div><span style=\"font-size: 14px;\">\u041f\u041d - \u041f\u0422 -<\/span><strong style=\"font-size: 14px;\"> 10.00 &#8211; 18.00<\/strong><\/div><div style=\"font-size: 14px; font-style: normal; font-weight: 400;\">\u0421\u0443\u0431\u0431\u043e\u0442\u0430 - <strong><span style=\"color: #800000;\">\u0412\u044b\u0445\u043e\u0434\u043d\u043e\u0439\u00a0<\/span><\/strong><\/div><div style=\"font-size: 14px; font-style: normal; font-weight: 400;\">\u0412\u043e\u0441\u043a\u0440\u0435\u0441\u0435\u043d\u044c\u0435 - <strong><span style=\"color: #800000;\">\u0412\u044b\u0445\u043e\u0434\u043d\u043e\u0439\u00a0<\/span><\/strong><\/div><\/div>\t\t\t\t\t\t\t\t<\/div>\n\t\t\t\t<\/div>\n\t\t\t\t\t<\/div>\n\t\t<\/div>\n\t\t\t\t\t<\/div>\n\t\t<\/section>\n\t\t\t\t<section class=\"elementor-section elementor-inner-section elementor-element elementor-element-4333e29 elementor-section-boxed elementor-section-height-default elementor-section-height-default\" data-id=\"4333e29\" data-element_type=\"section\">\n\t\t\t\t\t\t<div class=\"elementor-container elementor-column-gap-default\">\n\t\t\t\t\t<div class=\"elementor-column elementor-col-100 elementor-inner-column elementor-element elementor-element-d7bacec\" data-id=\"d7bacec\" data-element_type=\"column\">\n\t\t\t<div class=\"elementor-widget-wrap elementor-element-populated\">\n\t\t\t\t\t\t<div class=\"elementor-element elementor-element-4d7ff5b elementor-widget elementor-widget-text-editor\" data-id=\"4d7ff5b\" data-element_type=\"widget\" data-widget_type=\"text-editor.default\">\n\t\t\t\t<div class=\"elementor-widget-container\">\n\t\t\t\t\t\t\t\t\t<p><span style=\"font-size: 17px;\">E-mail: <\/span><a href=\"mailto:info@goldium.lv\">info@goldium.lv<\/a><\/p>\t\t\t\t\t\t\t\t<\/div>\n\t\t\t\t<\/div>\n\t\t\t\t\t<\/div>\n\t\t<\/div>\n\t\t\t\t\t<\/div>\n\t\t<\/section>\n\t\t\t\t<section class=\"elementor-section elementor-inner-section elementor-element elementor-element-e2b3879 elementor-section-boxed elementor-section-height-default elementor-section-height-default\" data-id=\"e2b3879\" data-element_type=\"section\">\n\t\t\t\t\t\t<div class=\"elementor-container elementor-column-gap-default\">\n\t\t\t\t\t<div class=\"elementor-column elementor-col-100 elementor-inner-column elementor-element elementor-element-84e0d0b\" data-id=\"84e0d0b\" data-element_type=\"column\">\n\t\t\t<div class=\"elementor-widget-wrap elementor-element-populated\">\n\t\t\t\t\t\t<div class=\"elementor-element elementor-element-c4f8154 elementor-widget elementor-widget-text-editor\" data-id=\"c4f8154\" data-element_type=\"widget\" data-widget_type=\"text-editor.default\">\n\t\t\t\t<div class=\"elementor-widget-container\">\n\t\t\t\t\t\t\t\t\t<p>\u0422\u0435\u043b.\/WhatsApp: <span style=\"background-color: transparent; color: rgb(var(--color_15)); font-size: 17px;\">+371 <strong>20 45 49 49<\/strong><\/span><\/p>\t\t\t\t\t\t\t\t<\/div>\n\t\t\t\t<\/div>\n\t\t\t\t<div class=\"elementor-element elementor-element-bbdd317 elementor-widget elementor-widget-image\" data-id=\"bbdd317\" data-element_type=\"widget\" data-widget_type=\"image.default\">\n\t\t\t\t<div class=\"elementor-widget-container\">\n\t\t\t\t\t\t\t\t\t\t\t\t\t\t\t<img fetchpriority=\"high\" decoding=\"async\" width=\"640\" height=\"480\" src=\"https:\/\/goldium.lv\/wp-content\/uploads\/2023\/12\/goldium-juvelierizstradajumi.jpeg\" class=\"attachment-large size-large wp-image-10034\" alt=\"juvelierizstradajumi\" srcset=\"https:\/\/goldium.lv\/wp-content\/uploads\/2023\/12\/goldium-juvelierizstradajumi.jpeg 640w, https:\/\/goldium.lv\/wp-content\/uploads\/2023\/12\/goldium-juvelierizstradajumi-600x450.jpeg 600w, https:\/\/goldium.lv\/wp-content\/uploads\/2023\/12\/goldium-juvelierizstradajumi-64x48.jpeg 64w, https:\/\/goldium.lv\/wp-content\/uploads\/2023\/12\/goldium-juvelierizstradajumi-300x225.jpeg 300w, https:\/\/goldium.lv\/wp-content\/uploads\/2023\/12\/goldium-juvelierizstradajumi-16x12.jpeg 16w\" sizes=\"(max-width: 640px) 100vw, 640px\" \/>\t\t\t\t\t\t\t\t\t\t\t\t\t\t\t<\/div>\n\t\t\t\t<\/div>\n\t\t\t\t<div class=\"elementor-element elementor-element-fd6287d elementor-widget elementor-widget-html\" data-id=\"fd6287d\" data-element_type=\"widget\" data-widget_type=\"html.default\">\n\t\t\t\t<div class=\"elementor-widget-container\">\n\t\t\t\t\t<iframe src=\"https:\/\/www.google.com\/maps\/embed?pb=!1m18!1m12!1m3!1d2175.7735705282666!2d24.12895797682643!3d56.952680573551895!2m3!1f0!2f0!3f0!3m2!1i1024!2i768!4f13.1!3m3!1m2!1s0x46eecff20c244dd3%3A0x80b897b1ce33fd83!2sGOLDIUM.LV%20juvelierizstr%C4%81d%C4%81jumi!5e0!3m2!1sen!2slv!4v1766197431183!5m2!1sen!2slv\" width=\"400\" height=\"300\" style=\"border:0;\" allowfullscreen=\"\" loading=\"lazy\" referrerpolicy=\"no-referrer-when-downgrade\"><\/iframe>\t\t\t\t<\/div>\n\t\t\t\t<\/div>\n\t\t\t\t\t<\/div>\n\t\t<\/div>\n\t\t\t\t\t<\/div>\n\t\t<\/section>\n\t\t\t\t\t<\/div>\n\t\t<\/div>\n\t\t\t\t<div class=\"elementor-column elementor-col-50 elementor-top-column elementor-element elementor-element-0ff9c20\" data-id=\"0ff9c20\" data-element_type=\"column\">\n\t\t\t<div class=\"elementor-widget-wrap elementor-element-populated\">\n\t\t\t\t\t\t<div class=\"elementor-element elementor-element-59c7a16 elementor-widget elementor-widget-text-editor\" data-id=\"59c7a16\" data-element_type=\"widget\" data-widget_type=\"text-editor.default\">\n\t\t\t\t<div class=\"elementor-widget-container\">\n\t\t\t\t\t\t\t\t\t<h4 style=\"font-style: normal;\"><span style=\"background-color: transparent; color: rgb(var(--color_15));\">LEANT<\/span><\/h4><h4 style=\"font-style: normal;\"><span style=\"background-color: transparent; color: rgb(var(--color_15));\">La\u010dpl\u0113\u0161a iela 44-4, <\/span>Daugavpils<\/h4>\t\t\t\t\t\t\t\t<\/div>\n\t\t\t\t<\/div>\n\t\t\t\t<section class=\"elementor-section elementor-inner-section elementor-element elementor-element-cac13f3 elementor-section-boxed elementor-section-height-default elementor-section-height-default\" data-id=\"cac13f3\" data-element_type=\"section\">\n\t\t\t\t\t\t<div class=\"elementor-container elementor-column-gap-default\">\n\t\t\t\t\t<div class=\"elementor-column elementor-col-50 elementor-inner-column elementor-element elementor-element-a7d64d0\" data-id=\"a7d64d0\" data-element_type=\"column\">\n\t\t\t<div class=\"elementor-widget-wrap elementor-element-populated\">\n\t\t\t\t\t\t<div class=\"elementor-element elementor-element-6dff180 elementor-widget elementor-widget-text-editor\" data-id=\"6dff180\" data-element_type=\"widget\" data-widget_type=\"text-editor.default\">\n\t\t\t\t<div class=\"elementor-widget-container\">\n\t\t\t\t\t\t\t\t\t<p>\u0413\u0440\u0430\u0444\u0438\u043a \u0440\u0430\u0431\u043e\u0442\u044b<\/p>\t\t\t\t\t\t\t\t<\/div>\n\t\t\t\t<\/div>\n\t\t\t\t\t<\/div>\n\t\t<\/div>\n\t\t\t\t<div class=\"elementor-column elementor-col-50 elementor-inner-column elementor-element elementor-element-57cf5d3\" data-id=\"57cf5d3\" data-element_type=\"column\">\n\t\t\t<div class=\"elementor-widget-wrap elementor-element-populated\">\n\t\t\t\t\t\t<div class=\"elementor-element elementor-element-daffcfc elementor-widget elementor-widget-text-editor\" data-id=\"daffcfc\" data-element_type=\"widget\" data-widget_type=\"text-editor.default\">\n\t\t\t\t<div class=\"elementor-widget-container\">\n\t\t\t\t\t\t\t\t\t<div><div><span style=\"font-size: 14px;\">\u041f\u041d - \u041f\u0422 -<\/span><strong style=\"font-size: 14px;\"> 10.00 &#8211; 18.00<\/strong><\/div><\/div><div style=\"font-size: 14px; font-style: normal; font-weight: 400;\">\u0421\u0443\u0431\u0431\u043e\u0442\u0430 -\u00a0<span style=\"font-weight: bold; background-color: var(--ast-global-color-5); color: var(--ast-global-color-3);\">10.00 &#8211; 16.00<\/span><\/div><div style=\"font-size: 14px; font-style: normal; font-weight: 400;\">\u0412\u043e\u0441\u043a\u0440\u0435\u0441\u0435\u043d\u044c\u0435 - <span style=\"color: #800000;\"><strong>\u0412\u044b\u0445\u043e\u0434\u043d\u043e\u0439<\/strong><\/span><\/div>\t\t\t\t\t\t\t\t<\/div>\n\t\t\t\t<\/div>\n\t\t\t\t\t<\/div>\n\t\t<\/div>\n\t\t\t\t\t<\/div>\n\t\t<\/section>\n\t\t\t\t<section class=\"elementor-section elementor-inner-section elementor-element elementor-element-c131976 elementor-section-boxed elementor-section-height-default elementor-section-height-default\" data-id=\"c131976\" data-element_type=\"section\">\n\t\t\t\t\t\t<div class=\"elementor-container elementor-column-gap-default\">\n\t\t\t\t\t<div class=\"elementor-column elementor-col-100 elementor-inner-column elementor-element elementor-element-56417a7\" data-id=\"56417a7\" data-element_type=\"column\">\n\t\t\t<div class=\"elementor-widget-wrap elementor-element-populated\">\n\t\t\t\t\t\t<div class=\"elementor-element elementor-element-dbec5c9 elementor-widget elementor-widget-text-editor\" data-id=\"dbec5c9\" data-element_type=\"widget\" data-widget_type=\"text-editor.default\">\n\t\t\t\t<div class=\"elementor-widget-container\">\n\t\t\t\t\t\t\t\t\t<p><span style=\"font-size: 17px;\">E-mail: <\/span><a style=\"background: #ffffff; outline: 0px; font-size: 17px; margin: 0px; padding: 0px; border: 0px; vertical-align: baseline; cursor: pointer;\" href=\"mailto:leant@apollo.lv\" data-auto-recognition=\"true\">leant@apollo.lv<\/a><\/p>\t\t\t\t\t\t\t\t<\/div>\n\t\t\t\t<\/div>\n\t\t\t\t\t<\/div>\n\t\t<\/div>\n\t\t\t\t\t<\/div>\n\t\t<\/section>\n\t\t\t\t<section class=\"elementor-section elementor-inner-section elementor-element elementor-element-b175238 elementor-section-boxed elementor-section-height-default elementor-section-height-default\" data-id=\"b175238\" data-element_type=\"section\">\n\t\t\t\t\t\t<div class=\"elementor-container elementor-column-gap-default\">\n\t\t\t\t\t<div class=\"elementor-column elementor-col-100 elementor-inner-column elementor-element elementor-element-de0d710\" data-id=\"de0d710\" data-element_type=\"column\">\n\t\t\t<div class=\"elementor-widget-wrap elementor-element-populated\">\n\t\t\t\t\t\t<div class=\"elementor-element elementor-element-a3a71dd elementor-widget elementor-widget-text-editor\" data-id=\"a3a71dd\" data-element_type=\"widget\" data-widget_type=\"text-editor.default\">\n\t\t\t\t<div class=\"elementor-widget-container\">\n\t\t\t\t\t\t\t\t\t<p>\u0422\u0435\u043b.\/WhatsApp: <span style=\"background-color: transparent; color: rgb(var(--color_15)); font-size: 17px;\">+371\u00a0<\/span><strong><span style=\"background: transparent; color: rgb(var(--color_15)); font-size: 17px; margin: 0px; padding: 0px; border: 0px; outline: 0px; vertical-align: baseline;\">20 00 21 22<\/span><\/strong><\/p>\t\t\t\t\t\t\t\t<\/div>\n\t\t\t\t<\/div>\n\t\t\t\t<div class=\"elementor-element elementor-element-835b7bb elementor-widget elementor-widget-image\" data-id=\"835b7bb\" data-element_type=\"widget\" data-widget_type=\"image.default\">\n\t\t\t\t<div class=\"elementor-widget-container\">\n\t\t\t\t\t\t\t\t\t\t\t\t\t\t\t<img decoding=\"async\" width=\"1024\" height=\"656\" src=\"https:\/\/goldium.lv\/wp-content\/uploads\/2022\/11\/download-1024x656.png\" class=\"attachment-large size-large wp-image-1048\" alt=\"\" srcset=\"https:\/\/goldium.lv\/wp-content\/uploads\/2022\/11\/download-1024x656.png 1024w, https:\/\/goldium.lv\/wp-content\/uploads\/2022\/11\/download-600x384.png 600w, https:\/\/goldium.lv\/wp-content\/uploads\/2022\/11\/download-300x192.png 300w, https:\/\/goldium.lv\/wp-content\/uploads\/2022\/11\/download-768x492.png 768w, https:\/\/goldium.lv\/wp-content\/uploads\/2022\/11\/download-1536x984.png 1536w, https:\/\/goldium.lv\/wp-content\/uploads\/2022\/11\/download.png 1764w\" sizes=\"(max-width: 1024px) 100vw, 1024px\" \/>\t\t\t\t\t\t\t\t\t\t\t\t\t\t\t<\/div>\n\t\t\t\t<\/div>\n\t\t\t\t<div class=\"elementor-element elementor-element-2e8feb1 elementor-widget elementor-widget-html\" data-id=\"2e8feb1\" data-element_type=\"widget\" data-widget_type=\"html.default\">\n\t\t\t\t<div class=\"elementor-widget-container\">\n\t\t\t\t\t<iframe src=\"https:\/\/www.google.com\/maps\/embed?pb=!1m18!1m12!1m3!1d2238.520001075845!2d26.521051176753662!3d55.87099397312821!2m3!1f0!2f0!3f0!3m2!1i1024!2i768!4f13.1!3m3!1m2!1s0x46c295c0c7ce1f59%3A0x5a54356d35a821b0!2sSIA%20LEANT!5e0!3m2!1sen!2slv!4v1766198456747!5m2!1sen!2slv\" width=\"400\" height=\"300\" style=\"border:0;\" allowfullscreen=\"\" loading=\"lazy\" referrerpolicy=\"no-referrer-when-downgrade\"><\/iframe>\t\t\t\t<\/div>\n\t\t\t\t<\/div>\n\t\t\t\t\t<\/div>\n\t\t<\/div>\n\t\t\t\t\t<\/div>\n\t\t<\/section>\n\t\t\t\t\t<\/div>\n\t\t<\/div>\n\t\t\t\t\t<\/div>\n\t\t<\/section>\n\t\t\t\t<\/div>","protected":false},"excerpt":{"rendered":"<p>Kontakti GOLDIUM \u0122ertr\u016bdes iela 55, R\u012bga Darba laiks R\u012bg\u0101 Prm. &#8211; Pkt.- 10.00 &#8211; 18.00Sestdiena &#8211; Br\u012bvdiena\u00a0Sv\u0113tdiena &#8211; Br\u012bvdiena\u00a0 E-mail: info@goldium.lv T\u0101lr.\/WhatsApp: +371 20 45 49 49 LEANT La\u010dpl\u0113\u0161a iela 44-4, Daugavpils Darba laiks Prm. &#8211; Pkt.- 10.00 &#8211; 18.00Sestdiena &#8211;\u00a010.00 &#8211; 16.00Sv\u0113tdiena &#8211; Br\u012bvdiena E-mail: leant@apollo.lv T\u0101lr.\/WhatsApp: +371\u00a020 00 21 22<\/p>","protected":false},"author":1,"featured_media":0,"parent":0,"menu_order":0,"comment_status":"closed","ping_status":"closed","template":"","meta":{"om_disable_all_campaigns":false,"_uag_custom_page_level_css":"","site-sidebar-layout":"no-sidebar","site-content-layout":"page-builder","ast-site-content-layout":"","site-content-style":"default","site-sidebar-style":"default","ast-global-header-display":"","ast-banner-title-visibility":"","ast-main-header-display":"","ast-hfb-above-header-display":"","ast-hfb-below-header-display":"","ast-hfb-mobile-header-display":"","site-post-title":"disabled","ast-breadcrumbs-content":"disabled","ast-featured-img":"disabled","footer-sml-layout":"","theme-transparent-header-meta":"default","adv-header-id-meta":"","stick-header-meta":"","header-above-stick-meta":"","header-main-stick-meta":"","header-below-stick-meta":"","astra-migrate-meta-layouts":"default","ast-page-background-enabled":"default","ast-page-background-meta":{"desktop":{"background-color":"","background-image":"","background-repeat":"repeat","background-position":"center center","background-size":"auto","background-attachment":"scroll","background-type":"","background-media":"","overlay-type":"","overlay-color":"","overlay-opacity":"","overlay-gradient":""},"tablet":{"background-color":"","background-image":"","background-repeat":"repeat","background-position":"center center","background-size":"auto","background-attachment":"scroll","background-type":"","background-media":"","overlay-type":"","overlay-color":"","overlay-opacity":"","overlay-gradient":""},"mobile":{"background-color":"","background-image":"","background-repeat":"repeat","background-position":"center center","background-size":"auto","background-attachment":"scroll","background-type":"","background-media":"","overlay-type":"","overlay-color":"","overlay-opacity":"","overlay-gradient":""}},"ast-content-background-meta":{"desktop":{"background-color":"var(--ast-global-color-5)","background-image":"","background-repeat":"repeat","background-position":"center center","background-size":"auto","background-attachment":"scroll","background-type":"","background-media":"","overlay-type":"","overlay-color":"","overlay-opacity":"","overlay-gradient":""},"tablet":{"background-color":"var(--ast-global-color-5)","background-image":"","background-repeat":"repeat","background-position":"center center","background-size":"auto","background-attachment":"scroll","background-type":"","background-media":"","overlay-type":"","overlay-color":"","overlay-opacity":"","overlay-gradient":""},"mobile":{"background-color":"var(--ast-global-color-5)","background-image":"","background-repeat":"repeat","background-position":"center center","background-size":"auto","background-attachment":"scroll","background-type":"","background-media":"","overlay-type":"","overlay-color":"","overlay-opacity":"","overlay-gradient":""}},"footnotes":""},"class_list":["post-397","page","type-page","status-publish","hentry"],"aioseo_notices":[],"uagb_featured_image_src":{"full":false,"thumbnail":false,"medium":false,"medium_large":false,"large":false,"1536x1536":false,"2048x2048":false,"trp-custom-language-flag":false,"woocommerce_thumbnail":false,"woocommerce_single":false,"woocommerce_gallery_thumbnail":false,"dgwt-wcas-product-suggestion":false},"uagb_author_info":{"display_name":"Antons Rjabovs","author_link":"https:\/\/goldium.lv\/ru\/author\/rantinbox-lv\/"},"uagb_comment_info":0,"uagb_excerpt":"Kontakti GOLDIUM \u0122ertr\u016bdes iela 55, R\u012bga Darba laiks R\u012bg\u0101 Prm. &#8211; Pkt.- 10.00 &#8211; 18.00Sestdiena &#8211; Br\u012bvdiena\u00a0Sv\u0113tdiena &#8211; Br\u012bvdiena\u00a0 E-mail: info@goldium.lv T\u0101lr.\/WhatsApp: +371 20 45 49 49 LEANT La\u010dpl\u0113\u0161a iela 44-4, Daugavpils Darba laiks Prm. &#8211; Pkt.- 10.00 &#8211; 18.00Sestdiena &#8211;\u00a010.00 &#8211; 16.00Sv\u0113tdiena &#8211; Br\u012bvdiena E-mail: leant@apollo.lv T\u0101lr.\/WhatsApp: +371\u00a020 00 21 22","_links":{"self":[{"href":"https:\/\/goldium.lv\/ru\/wp-json\/wp\/v2\/pages\/397","targetHints":{"allow":["GET"]}}],"collection":[{"href":"https:\/\/goldium.lv\/ru\/wp-json\/wp\/v2\/pages"}],"about":[{"href":"https:\/\/goldium.lv\/ru\/wp-json\/wp\/v2\/types\/page"}],"author":[{"embeddable":true,"href":"https:\/\/goldium.lv\/ru\/wp-json\/wp\/v2\/users\/1"}],"replies":[{"embeddable":true,"href":"https:\/\/goldium.lv\/ru\/wp-json\/wp\/v2\/comments?post=397"}],"version-history":[{"count":326,"href":"https:\/\/goldium.lv\/ru\/wp-json\/wp\/v2\/pages\/397\/revisions"}],"predecessor-version":[{"id":22628,"href":"https:\/\/goldium.lv\/ru\/wp-json\/wp\/v2\/pages\/397\/revisions\/22628"}],"wp:attachment":[{"href":"https:\/\/goldium.lv\/ru\/wp-json\/wp\/v2\/media?parent=397"}],"curies":[{"name":"wp","href":"https:\/\/api.w.org\/{rel}","templated":true}]}}