{"id":16653,"date":"2025-06-02T14:33:33","date_gmt":"2025-06-02T12:33:33","guid":{"rendered":"https:\/\/goldium.lv\/?page_id=16653"},"modified":"2025-06-02T20:17:57","modified_gmt":"2025-06-02T18:17:57","slug":"zelta-rotas-padomi","status":"publish","type":"page","link":"https:\/\/goldium.lv\/ru\/zelta-rotas-padomi\/","title":{"rendered":"Zelta rotas padomi"},"content":{"rendered":"<div data-elementor-type=\"wp-page\" data-elementor-id=\"16653\" class=\"elementor elementor-16653\">\n\t\t\t\t\t\t<section class=\"elementor-section elementor-top-section elementor-element elementor-element-e59aa41 elementor-section-boxed elementor-section-height-default elementor-section-height-default\" data-id=\"e59aa41\" data-element_type=\"section\">\n\t\t\t\t\t\t<div class=\"elementor-container elementor-column-gap-default\">\n\t\t\t\t\t<div class=\"elementor-column elementor-col-100 elementor-top-column elementor-element elementor-element-5663e24\" data-id=\"5663e24\" data-element_type=\"column\">\n\t\t\t<div class=\"elementor-widget-wrap elementor-element-populated\">\n\t\t\t\t\t\t<div class=\"elementor-element elementor-element-1c08923 elementor-widget elementor-widget-spacer\" data-id=\"1c08923\" data-element_type=\"widget\" data-widget_type=\"spacer.default\">\n\t\t\t\t<div class=\"elementor-widget-container\">\n\t\t\t\t\t\t\t<div class=\"elementor-spacer\">\n\t\t\t<div class=\"elementor-spacer-inner\"><\/div>\n\t\t<\/div>\n\t\t\t\t\t\t<\/div>\n\t\t\t\t<\/div>\n\t\t\t\t\t<\/div>\n\t\t<\/div>\n\t\t\t\t\t<\/div>\n\t\t<\/section>\n\t\t\t\t<section class=\"elementor-section elementor-top-section elementor-element elementor-element-fbfbd6d elementor-section-boxed elementor-section-height-default elementor-section-height-default\" data-id=\"fbfbd6d\" data-element_type=\"section\">\n\t\t\t\t\t\t<div class=\"elementor-container elementor-column-gap-default\">\n\t\t\t\t\t<div class=\"elementor-column elementor-col-100 elementor-top-column elementor-element elementor-element-d194845\" data-id=\"d194845\" data-element_type=\"column\">\n\t\t\t<div class=\"elementor-widget-wrap elementor-element-populated\">\n\t\t\t\t\t\t<div class=\"elementor-element elementor-element-17c386e elementor-widget elementor-widget-heading\" data-id=\"17c386e\" data-element_type=\"widget\" data-widget_type=\"heading.default\">\n\t\t\t\t<div class=\"elementor-widget-container\">\n\t\t\t\t\t<h2 class=\"elementor-heading-title elementor-size-default\">Zelta rotas padomi<\/h2>\t\t\t\t<\/div>\n\t\t\t\t<\/div>\n\t\t\t\t\t<\/div>\n\t\t<\/div>\n\t\t\t\t\t<\/div>\n\t\t<\/section>\n\t\t\t\t<section class=\"elementor-section elementor-top-section elementor-element elementor-element-241d1c8 elementor-section-boxed elementor-section-height-default elementor-section-height-default\" data-id=\"241d1c8\" data-element_type=\"section\">\n\t\t\t\t\t\t<div class=\"elementor-container elementor-column-gap-default\">\n\t\t\t\t\t<div class=\"elementor-column elementor-col-100 elementor-top-column elementor-element elementor-element-f46cc90\" data-id=\"f46cc90\" data-element_type=\"column\">\n\t\t\t<div class=\"elementor-widget-wrap elementor-element-populated\">\n\t\t\t\t\t\t<div class=\"elementor-element elementor-element-059fead elementor-widget elementor-widget-text-editor\" data-id=\"059fead\" data-element_type=\"widget\" data-widget_type=\"text-editor.default\">\n\t\t\t\t<div class=\"elementor-widget-container\">\n\t\t\t\t\t\t\t\t\t<p style=\"text-align: center;\">Praktiski padomi, k\u0101 izv\u0113l\u0113ties un kopt zelta rotas. Uzziniet, k\u0101 nep\u0101rmaks\u0101t un atrast \u012bsto d\u0101vanu sev vai m\u012b\u013cajiem.<\/p>\t\t\t\t\t\t\t\t<\/div>\n\t\t\t\t<\/div>\n\t\t\t\t\t<\/div>\n\t\t<\/div>\n\t\t\t\t\t<\/div>\n\t\t<\/section>\n\t\t\t\t<section class=\"elementor-section elementor-top-section elementor-element elementor-element-7a670a5 elementor-section-boxed elementor-section-height-default elementor-section-height-default\" data-id=\"7a670a5\" data-element_type=\"section\">\n\t\t\t\t\t\t<div class=\"elementor-container elementor-column-gap-default\">\n\t\t\t\t\t<div class=\"elementor-column elementor-col-100 elementor-top-column elementor-element elementor-element-a80dcc4\" data-id=\"a80dcc4\" data-element_type=\"column\">\n\t\t\t<div class=\"elementor-widget-wrap elementor-element-populated\">\n\t\t\t\t\t\t<div class=\"elementor-element elementor-element-18b0b7c elementor-widget elementor-widget-text-editor\" data-id=\"18b0b7c\" data-element_type=\"widget\" data-widget_type=\"text-editor.default\">\n\t\t\t\t<div class=\"elementor-widget-container\">\n\t\t\t\t\t\t\t\t\t<p style=\"text-align: center;\"><a title=\"Materi\u0101ls: baltais, sarkanais vai dzeltenais zelts?\" href=\"https:\/\/goldium.lv\/ru\/zelta-rotas-padomi\/materials-baltais-sarkanais-vai-dzeltenais-zelts\/\"><strong>Materi\u0101ls: baltais, sarkanais vai dzeltenais zelts?<\/strong><\/a><\/p><p style=\"text-align: center;\"><strong><a title=\"Uz kuras rokas valk\u0101 saderin\u0101\u0161an\u0101s gredzenu?\" href=\"https:\/\/goldium.lv\/ru\/zelta-rotas-padomi\/uz-kuras-rokas-valka-saderinasanas-gredzenu\/\">Uz kuras rokas valk\u0101 saderin\u0101\u0161an\u0101s gredzenu?<\/a><\/strong><\/p><p style=\"text-align: center;\"><a title=\"Ko d\u0101vin\u0101t sievietei, kurai viss jau ir?\" href=\"http:\/\/goldium.lv\/ru\/zelta-rotas-padomi\/ko-davinat-sievietei-kurai-viss-jau-ir-seit-bus-5-zelta-rotas-kas-vienmer-trapa-merki\/\"><b>Ko d\u0101vin\u0101t sievietei, kurai viss jau ir?<\/b><\/a><\/p>\t\t\t\t\t\t\t\t<\/div>\n\t\t\t\t<\/div>\n\t\t\t\t\t<\/div>\n\t\t<\/div>\n\t\t\t\t\t<\/div>\n\t\t<\/section>\n\t\t\t\t<\/div>","protected":false},"excerpt":{"rendered":"<p>Zelta rotas padomi Praktiski padomi, k\u0101 izv\u0113l\u0113ties un kopt zelta rotas. Uzziniet, k\u0101 nep\u0101rmaks\u0101t un atrast \u012bsto d\u0101vanu sev vai m\u012b\u013cajiem. Materi\u0101ls: baltais, sarkanais vai dzeltenais zelts? Uz kuras rokas valk\u0101 saderin\u0101\u0161an\u0101s gredzenu? Ko d\u0101vin\u0101t sievietei, kurai viss jau ir?<\/p>","protected":false},"author":1,"featured_media":0,"parent":0,"menu_order":0,"comment_status":"closed","ping_status":"closed","template":"","meta":{"om_disable_all_campaigns":false,"_uag_custom_page_level_css":"","site-sidebar-layout":"no-sidebar","site-content-layout":"page-builder","ast-site-content-layout":"full-width-container","site-content-style":"default","site-sidebar-style":"default","ast-global-header-display":"","ast-banner-title-visibility":"","ast-main-header-display":"","ast-hfb-above-header-display":"","ast-hfb-below-header-display":"","ast-hfb-mobile-header-display":"","site-post-title":"disabled","ast-breadcrumbs-content":"","ast-featured-img":"disabled","footer-sml-layout":"","theme-transparent-header-meta":"","adv-header-id-meta":"","stick-header-meta":"","header-above-stick-meta":"","header-main-stick-meta":"","header-below-stick-meta":"","astra-migrate-meta-layouts":"set","ast-page-background-enabled":"default","ast-page-background-meta":{"desktop":{"background-color":"","background-image":"","background-repeat":"repeat","background-position":"center center","background-size":"auto","background-attachment":"scroll","background-type":"","background-media":"","overlay-type":"","overlay-color":"","overlay-opacity":"","overlay-gradient":""},"tablet":{"background-color":"","background-image":"","background-repeat":"repeat","background-position":"center center","background-size":"auto","background-attachment":"scroll","background-type":"","background-media":"","overlay-type":"","overlay-color":"","overlay-opacity":"","overlay-gradient":""},"mobile":{"background-color":"","background-image":"","background-repeat":"repeat","background-position":"center center","background-size":"auto","background-attachment":"scroll","background-type":"","background-media":"","overlay-type":"","overlay-color":"","overlay-opacity":"","overlay-gradient":""}},"ast-content-background-meta":{"desktop":{"background-color":"var(--ast-global-color-5)","background-image":"","background-repeat":"repeat","background-position":"center center","background-size":"auto","background-attachment":"scroll","background-type":"","background-media":"","overlay-type":"","overlay-color":"","overlay-opacity":"","overlay-gradient":""},"tablet":{"background-color":"var(--ast-global-color-5)","background-image":"","background-repeat":"repeat","background-position":"center center","background-size":"auto","background-attachment":"scroll","background-type":"","background-media":"","overlay-type":"","overlay-color":"","overlay-opacity":"","overlay-gradient":""},"mobile":{"background-color":"var(--ast-global-color-5)","background-image":"","background-repeat":"repeat","background-position":"center center","background-size":"auto","background-attachment":"scroll","background-type":"","background-media":"","overlay-type":"","overlay-color":"","overlay-opacity":"","overlay-gradient":""}},"footnotes":""},"class_list":["post-16653","page","type-page","status-publish","hentry"],"aioseo_notices":[],"uagb_featured_image_src":{"full":false,"thumbnail":false,"medium":false,"medium_large":false,"large":false,"1536x1536":false,"2048x2048":false,"trp-custom-language-flag":false,"woocommerce_thumbnail":false,"woocommerce_single":false,"woocommerce_gallery_thumbnail":false,"dgwt-wcas-product-suggestion":false},"uagb_author_info":{"display_name":"Antons Rjabovs","author_link":"https:\/\/goldium.lv\/ru\/author\/rantinbox-lv\/"},"uagb_comment_info":0,"uagb_excerpt":"Zelta rotas padomi Praktiski padomi, k\u0101 izv\u0113l\u0113ties un kopt zelta rotas. Uzziniet, k\u0101 nep\u0101rmaks\u0101t un atrast \u012bsto d\u0101vanu sev vai m\u012b\u013cajiem. Materi\u0101ls: baltais, sarkanais vai dzeltenais zelts? Uz kuras rokas valk\u0101 saderin\u0101\u0161an\u0101s gredzenu? Ko d\u0101vin\u0101t sievietei, kurai viss jau ir?","_links":{"self":[{"href":"https:\/\/goldium.lv\/ru\/wp-json\/wp\/v2\/pages\/16653","targetHints":{"allow":["GET"]}}],"collection":[{"href":"https:\/\/goldium.lv\/ru\/wp-json\/wp\/v2\/pages"}],"about":[{"href":"https:\/\/goldium.lv\/ru\/wp-json\/wp\/v2\/types\/page"}],"author":[{"embeddable":true,"href":"https:\/\/goldium.lv\/ru\/wp-json\/wp\/v2\/users\/1"}],"replies":[{"embeddable":true,"href":"https:\/\/goldium.lv\/ru\/wp-json\/wp\/v2\/comments?post=16653"}],"version-history":[{"count":67,"href":"https:\/\/goldium.lv\/ru\/wp-json\/wp\/v2\/pages\/16653\/revisions"}],"predecessor-version":[{"id":16829,"href":"https:\/\/goldium.lv\/ru\/wp-json\/wp\/v2\/pages\/16653\/revisions\/16829"}],"wp:attachment":[{"href":"https:\/\/goldium.lv\/ru\/wp-json\/wp\/v2\/media?parent=16653"}],"curies":[{"name":"wp","href":"https:\/\/api.w.org\/{rel}","templated":true}]}}